{"id":2,"date":"2017-10-20T12:57:11","date_gmt":"2017-10-20T12:57:11","guid":{"rendered":"http:\/\/anpat.org\/web\/?page_id=2"},"modified":"2023-03-14T16:42:10","modified_gmt":"2023-03-14T16:42:10","slug":"acuerdos","status":"publish","type":"page","link":"https:\/\/anpat.org\/web\/acuerdos\/","title":{"rendered":"Acuerdos"},"content":{"rendered":"<div  class=\"tatsu-gx87pxlp1cabjyuq tatsu-section  tatsu-bg-overlay   tatsu-clearfix\" data-title=\"\"  data-headerscheme=\"background--dark\"><div class='tatsu-section-pad clearfix' data-padding='{\"d\":\"10px 0px 10px 0px\"}' data-padding-top='10px'><div class=\"tatsu-row-wrap  tatsu-wrap tatsu-row-one-col tatsu-row-has-one-cols tatsu-medium-gutter tatsu-reg-cols  tatsu-clearfix tatsu-gx87pxlp5x2ueg4u\" ><div  class=\"tatsu-row \" ><div  class=\"tatsu-column  tatsu-bg-overlay tatsu-one-col tatsu-column-image-none tatsu-column-effect-none  tatsu-gx87pxlpbeetaj8n\"  data-parallax-speed=\"0\" style=\"\"><div class=\"tatsu-column-inner \" ><div class=\"tatsu-column-pad-wrap\"><div class=\"tatsu-column-pad\" ><div  class=\"tatsu-module tatsu-text-block-wrap tatsu-SJbNDkS9F  \"><div class=\"tatsu-text-inner tatsu-align-center  clearfix\" ><style>.tatsu-SJbNDkS9F.tatsu-text-block-wrap .tatsu-text-inner{width: 100%;text-align: center;color: rgba(8,57,134,1) ;}.tatsu-SJbNDkS9F.tatsu-text-block-wrap{margin: 40px 0px 0px 0px;}.tatsu-SJbNDkS9F .tatsu-text-inner *{color: rgba(8,57,134,1) ;}.tatsu-SJbNDkS9F.tatsu-text-block-wrap .tatsu-text-inner *{font-family : \"Roboto\",-apple-system,BlinkMacSystemFont,'Segoe UI',Roboto,Oxygen-Sans,Ubuntu,Cantarell,'Helvetica Neue',sans-serif;font-weight : 100;font-size : 50px;line-height : 50px;}<\/style>\n<h1>ACUERDOS INSTITUCIONALES<\/h1>\n<\/div><\/div><\/div><\/div><div class = \"tatsu-column-bg-image-wrap\"><div class = \"tatsu-column-bg-image\" ><\/div><\/div><div class=\"tatsu-overlay tatsu-column-overlay tatsu-animate-none\" ><\/div><\/div><style>.tatsu-row > .tatsu-gx87pxlpbeetaj8n.tatsu-column{width: 100%;}.tatsu-gx87pxlpbeetaj8n.tatsu-column > .tatsu-column-inner > .tatsu-column-overlay{mix-blend-mode: normal;}.tatsu-gx87pxlpbeetaj8n > .tatsu-column-inner > .tatsu-top-divider{z-index: 9999;}.tatsu-gx87pxlpbeetaj8n > .tatsu-column-inner > .tatsu-bottom-divider{z-index: 9999;}.tatsu-gx87pxlpbeetaj8n > .tatsu-column-inner > .tatsu-left-divider{z-index: 9999;}.tatsu-gx87pxlpbeetaj8n > .tatsu-column-inner > .tatsu-right-divider{z-index: 9999;}<\/style><\/div><\/div><\/div><\/div><div class=\"tatsu-section-background-wrap\"><div class = \"tatsu-section-background\" ><\/div><\/div><div class=\"tatsu-overlay tatsu-section-overlay\"><\/div><style>.tatsu-gx87pxlp1cabjyuq .tatsu-section-pad{padding: 10px 0px 10px 0px;}.tatsu-gx87pxlp1cabjyuq > .tatsu-bottom-divider{z-index: 9999;}.tatsu-gx87pxlp1cabjyuq > .tatsu-top-divider{z-index: 9999;}.tatsu-gx87pxlp1cabjyuq .tatsu-section-overlay{mix-blend-mode: normal;}<\/style><\/div><div  class=\"tatsu-BJoE55E9K tatsu-section  tatsu-bg-overlay   tatsu-clearfix\" data-title=\"\"  data-headerscheme=\"background--dark\"><div class='tatsu-section-pad clearfix' data-padding='{\"d\":\"90px 0px 90px 0px\"}' data-padding-top='90px'><div class=\"tatsu-row-wrap  tatsu-wrap tatsu-row-has-one-half tatsu-row-has-two-cols tatsu-medium-gutter tatsu-reg-cols  tatsu-clearfix tatsu-rJesVc9EqF\" ><div  class=\"tatsu-row \" ><div  class=\"tatsu-column  tatsu-bg-overlay tatsu-one-half tatsu-column-image-none tatsu-column-effect-none  tatsu-H1ZoVqqN9Y\"  data-parallax-speed=\"0\" style=\"\"><div class=\"tatsu-column-inner \" ><div class=\"tatsu-column-pad-wrap\"><div class=\"tatsu-column-pad\" ><div  class=\"special-heading-wrap style2 oshine-module align-center tatsu-rkLph5NcY  \" ><div class=\"special-heading\" ><h3 class=\"special-h-tag\" >Convenios de colaboraci\u00f3n con administraciones p\u00fablicas<\/h3><\/div><style>.tatsu-rkLph5NcY .special-heading{border-color: rgba(238,234,234,1); border-width: 1px;padding: 0px 30px 0px 30px;}<\/style><\/div><div  class=\"tatsu-module tatsu-text-block-wrap tatsu-r1-sc5V5Y  \"><div class=\"tatsu-text-inner tatsu-align-center  clearfix\" ><style>.tatsu-r1-sc5V5Y.tatsu-text-block-wrap .tatsu-text-inner{width: 100%;text-align: left;}.tatsu-r1-sc5V5Y.tatsu-text-block-wrap{margin: 20px 0px 30px 0px;}<\/style>\n<div class=\"wpb_text_column wpb_content_element \">\n<div class=\"wpb_wrapper\"><span style=\"color: #000000;\"><strong>Agencia Estatal de Administraci\u00f3n Tributaria<\/strong>\u00a0para la presentaci\u00f3n telem\u00e1tica, por cuenta de\u00a0terceros, de declaraciones, comunicaciones, declaraciones-liquidaciones, autoliquidaciones o\u00a0cualesquiera otros documentos exigidos por la normativa tributaria, as\u00ed como interponer recursos\u00a0de reposici\u00f3n.<\/span><\/div>\n<div>\u00a0<\/div>\n<div><span style=\"color: #000000;\"><strong>Convenios firmados con las comunidades Aut\u00f3nomas <\/strong>para la presentaci\u00f3n \u00a0telem\u00e1tica, por cuenta de terceros, de declaraciones tributarias correspondientes a los tributo\u00a0gestionados por la comunidad de Madrid, entre otros, el Impuesto sobre Transmisiones\u00a0Patrimoniales y Actos Jur\u00eddicos documentados (ITPyAJD) y el Impuesto sobre Sucesiones y\u00a0Donaciones (ISD) de las siguientes comunidades y departamentos de Hacienda:<\/span><\/div>\n<ul>\n<li><span style=\"color: #000000;\">Agencia Tributaria de Andalucia<\/span><span style=\"color: #000000;\"><br \/><\/span><\/li>\n<li>A<span style=\"color: #000000;\">gencia Tributaria de Galicia<\/span><\/li>\n<li><span style=\"color: #000000;\">Agencia Tributaria de las Illes Baleares<\/span><\/li>\n<li><span style=\"color: #000000;\">Agencia Tributaria Valenciana<\/span><\/li>\n<li><span style=\"color: #000000;\">Consejer\u00eda de Econom\u00eda y Hacienda de la Comunidad de Castilla y Le\u00f3n<\/span><\/li>\n<li><span style=\"color: #000000;\">Consejer\u00eda de Econom\u00eda y Hacienda de la Comunidad de Madrid\u00a0<\/span><\/li>\n<li><span style=\"color: #000000;\">Consejer\u00eda de Hacienda y Administraciones P\u00fablicas de Castilla- La Mancha<\/span><\/li>\n<li><span style=\"color: #000000;\">Departamento de Hacienda y Finanzas de la Diputaci\u00f3n Foral de Bizkaia<\/span><\/li>\n<\/ul>\n<\/div>\n<\/div><\/div><div  class=\"special-heading-wrap style2 oshine-module align-center tatsu-ByrVyR0ht  \" ><div class=\"special-heading\" ><h3 class=\"special-h-tag\" >Adhesi\u00f3n al C\u00f3digo de Buenas Pr\u00e1cticas de Asociaciones y Colegios de Profesionales Tributarios<\/h3><\/div><style>.tatsu-ByrVyR0ht .special-heading{border-color: rgba(238,234,234,1); border-width: 1px;padding: 0px 30px 0px 30px;}<\/style><\/div><div  class=\"tatsu-module tatsu-text-block-wrap tatsu-HJFE1RR2K  \"><div class=\"tatsu-text-inner tatsu-align-center  clearfix\" ><style>.tatsu-HJFE1RR2K.tatsu-text-block-wrap .tatsu-text-inner{width: 100%;text-align: left;color: rgba(0,0,0,1) ;}.tatsu-HJFE1RR2K.tatsu-text-block-wrap{margin: 20px 0px 30px 0px;}.tatsu-HJFE1RR2K .tatsu-text-inner *{color: rgba(0,0,0,1) ;}<\/style>\n<div class=\"wpb_text_column wpb_content_element \">\n<div class=\"wpb_wrapper\">\n<div class=\"page\" title=\"Page 1\">\n<div class=\"layoutArea\">\n<div class=\"column\">\n<p>La <strong>ANPAT<\/strong> se ha adherido al<strong> Co\u0301digo de Buenas Pra\u0301cticas de Asociaciones y Colegios de Profesionales Tributarios<\/strong>.<\/p>\n<p>Asimismo, ha sido incorporada a la relacio\u0301n de entidades adheridas al <strong>Co\u0301digo de Buenas Pra\u0301cticas publicada en la pa\u0301gina web de la Agencia Tributaria<\/strong>.<\/p>\n<\/div>\n<\/div>\n<\/div>\n<\/div>\n<\/div>\n<\/div><\/div><\/div><\/div><div class = \"tatsu-column-bg-image-wrap\"><div class = \"tatsu-column-bg-image\" ><\/div><\/div><div class=\"tatsu-overlay tatsu-column-overlay tatsu-animate-none\" ><\/div><\/div><style>.tatsu-row > .tatsu-H1ZoVqqN9Y.tatsu-column{width: 50%;}.tatsu-H1ZoVqqN9Y.tatsu-column > .tatsu-column-inner > .tatsu-column-overlay{mix-blend-mode: normal;}.tatsu-H1ZoVqqN9Y > .tatsu-column-inner > .tatsu-top-divider{z-index: 9999;}.tatsu-H1ZoVqqN9Y > .tatsu-column-inner > .tatsu-bottom-divider{z-index: 9999;}.tatsu-H1ZoVqqN9Y > .tatsu-column-inner > .tatsu-left-divider{z-index: 9999;}.tatsu-H1ZoVqqN9Y > .tatsu-column-inner > .tatsu-right-divider{z-index: 9999;}@media only screen and (max-width:1377px) {.tatsu-row > .tatsu-H1ZoVqqN9Y.tatsu-column{width: 50%;}}@media only screen and (min-width:768px) and (max-width: 1024px) {.tatsu-row > .tatsu-H1ZoVqqN9Y.tatsu-column{width: 50%;}}@media only screen and (max-width: 767px) {.tatsu-row > .tatsu-H1ZoVqqN9Y.tatsu-column{width: 100%;}}<\/style><\/div><div  class=\"tatsu-column  tatsu-bg-overlay tatsu-one-half tatsu-column-image-none tatsu-column-effect-none  tatsu-BJxmq5qV5F\"  data-parallax-speed=\"0\" style=\"\"><div class=\"tatsu-column-inner \" ><div class=\"tatsu-column-pad-wrap\"><div class=\"tatsu-column-pad\" ><div  class=\"special-heading-wrap style2 oshine-module align-center tatsu-rysF3qN5t  \" ><div class=\"special-heading\" ><h3 class=\"special-h-tag\" >Acuerdo de formaci\u00f3n con despachos preferentes<\/h3><\/div><style>.tatsu-rysF3qN5t .special-heading{border-color: rgba(238,234,234,1); border-width: 1px;padding: 0px 30px 0px 30px;}<\/style><\/div><div  class=\"tatsu-module tatsu-text-block-wrap tatsu-B1bT2cNct  \"><div class=\"tatsu-text-inner tatsu-align-center  clearfix\" ><style>.tatsu-B1bT2cNct.tatsu-text-block-wrap .tatsu-text-inner{width: 100%;text-align: left;color: rgba(0,0,0,1) ;}.tatsu-B1bT2cNct.tatsu-text-block-wrap{margin: 20px 0px 30px 0px;}.tatsu-B1bT2cNct .tatsu-text-inner *{color: rgba(0,0,0,1) ;}<\/style>\n<div class=\"wpb_text_column wpb_content_element \">\n<div class=\"wpb_wrapper\">\n<div class=\"wpb_text_column wpb_content_element \">\n<div class=\"wpb_wrapper\">\n<p>La <strong>ANPAT<\/strong> tiene suscrito con <strong>DESPACHOS REFERENTES,<\/strong>\u00a0empresa l\u00edder en la formaci\u00f3n de asesores y del personal de sus despachos, as\u00ed como otros servicios exclusivos para asesor\u00edas y despachos profesionales, un convenio por el que nuestros asociados pueden asistir a todos los cursos\u00a0<em>on line<\/em>\u00a0impartidos por <strong>DESPACHOS REFERENTES<\/strong>, as\u00ed como tambi\u00e9n acceder a otros servicios con condiciones exclusivas por pertener a <strong>ANPAT<\/strong>.<\/p>\n<p>Accede al \u00e1rea de \u201c<a href=\"https:\/\/anpat.org\/formacion\">Formaci\u00f3n<\/a>\u00a0\u201d o visita<strong>\u00a0<a href=\"http:\/\/www.despachosreferentes.com\/\">www.despachosreferentes.com<\/a><\/strong> para conocer el calendario de formaci\u00f3n continua para asesor\u00edas de <strong>DESPACHOS REFERENTES<\/strong> y reserva tu plaza.<\/p>\n<p>El coste es de 15,00 euros por cada uno de los dos primeros cursos y 25,00 euros por cada uno de los siguientes en los que te inscribas dentro de un mismo mes natural. El pago de los cursos realizados se realizar\u00e1 a mes vencido, mediante adeudo en el banco, junto con la cuota ordinaria.<\/p>\n<p>Para beneficiarse de estas condiciones, es imprescindible ser asociado de la <strong>ANPAT<\/strong> y estar al corriente de pagos de las cuotas. Para realizar la inscripci\u00f3n, puedes utilizar el formulario disponible en la secci\u00f3n \u201c<a href=\"https:\/\/anpat.org\/formacion\">formaci\u00f3n<\/a>\u00a0\u201d (o si lo prefieres, env\u00eda directamente un correo\u00a0<a href=\"mailto:formacion@anpat.org\">formacion@anpat.org<\/a>\u00a0con los datos que solicitamos en el mismo).<\/p>\n<p>Adem\u00e1s, por ser asociado de <strong>ANPAT<\/strong>, podr\u00e1s acceder a otros servicios ofrecidos por DESPACHOS REFERENTES en condiciones exclusivas:<\/p>\n<ul>\n<li>Emisi\u00f3n de certificados digitales para los clientes de tu asesor\u00eda. Sin desplazamientos.<\/li>\n<li>Gesti\u00f3n de subvenciones para los clientes de tu asesor\u00eda.<\/li>\n<\/ul>\n<p>Para cualquier cuesti\u00f3n puedes contactar con <strong>ANPAT<\/strong>, o bien directamente con <strong>DESPACHOS REFERENTES<\/strong> en el correo <a href=\"mailto:contacta@despachosreferentes.com\">contacta@despachosreferentes.com<\/a> o el tlf gratuito 900264388, indicando en tu contacto que perteneces a <strong>ANPAT<\/strong>.<\/p>\n<\/div>\n<\/div>\n<\/div>\n<\/div>\n<\/div><\/div><\/div><\/div><div class = \"tatsu-column-bg-image-wrap\"><div class = \"tatsu-column-bg-image\" ><\/div><\/div><div class=\"tatsu-overlay tatsu-column-overlay tatsu-animate-none\" ><\/div><\/div><style>.tatsu-row > .tatsu-BJxmq5qV5F.tatsu-column{width: 50%;}.tatsu-BJxmq5qV5F.tatsu-column > .tatsu-column-inner > .tatsu-column-overlay{mix-blend-mode: normal;}.tatsu-BJxmq5qV5F > .tatsu-column-inner > .tatsu-top-divider{z-index: 9999;}.tatsu-BJxmq5qV5F > .tatsu-column-inner > .tatsu-bottom-divider{z-index: 9999;}.tatsu-BJxmq5qV5F > .tatsu-column-inner > .tatsu-left-divider{z-index: 9999;}.tatsu-BJxmq5qV5F > .tatsu-column-inner > .tatsu-right-divider{z-index: 9999;}@media only screen and (max-width:1377px) {.tatsu-row > .tatsu-BJxmq5qV5F.tatsu-column{width: 50%;}}@media only screen and (min-width:768px) and (max-width: 1024px) {.tatsu-row > .tatsu-BJxmq5qV5F.tatsu-column{width: 50%;}}@media only screen and (max-width: 767px) {.tatsu-row > .tatsu-BJxmq5qV5F.tatsu-column{width: 100%;}}<\/style><\/div><\/div><\/div><div class=\"tatsu-row-wrap  tatsu-wrap tatsu-row-one-col tatsu-row-has-one-cols tatsu-medium-gutter tatsu-reg-cols  tatsu-clearfix tatsu-Sk1Km7R12\" ><div  class=\"tatsu-row \" ><div  class=\"tatsu-column  tatsu-bg-overlay tatsu-one-col tatsu-column-image-none tatsu-column-effect-none  tatsu-rkeJFQmCk3\"  data-parallax-speed=\"0\" style=\"\"><div class=\"tatsu-column-inner \" ><div class=\"tatsu-column-pad-wrap\"><div class=\"tatsu-column-pad\" ><div  class=\"tatsu-single-image tatsu-module align-center tatsu-image-lazyload tatsu-B1DimXRJn  \" ><div class=\"tatsu-single-image-inner \" style=\"width : 900px;\" ><div class = \"tatsu-single-image-padding-wrap\" style = \"padding-bottom : 11.111111111111%;\" ><\/div><a href = \"https:\/\/www.bancsabadell.com\/cs\/Satellite\/COBSP291284_SabAtl\/Asociacion-Nacional-de-Profesionales-del-Asesoramiento-Tributario\/2000008513649\/es\/?dis=dis:tp-:sp-:pt-anpat:nf-:nc-acutopglbcolprofesional:c-colectivos:f-banner:t-:mp-:ga-bs\" target = \"_blank\" ><img class = \"tatsu-gradient-border\" alt = \"\" title = \"BS_COLECTIVOS_900x100_CAST\" data-src = \"https:\/\/anpat.org\/web\/wp-content\/uploads\/2023\/03\/BS_COLECTIVOS_900x100_CAST.png\" src =\"data:image\/png;base64,iVBORw0KGgoAAAANSUhEUgAAAAEAAAABCAQAAAC1HAwCAAAAC0lEQVR42mNkYAAAAAYAAjCB0C8AAAAASUVORK5CYII=\"  \/><\/a><\/div><style>.tatsu-B1DimXRJn .tatsu-single-image-inner{border-style: solid;max-width: 100%;}.tatsu-B1DimXRJn.tatsu-single-image{transform: translate3d(0px,0px, 0);}<\/style><\/div><\/div><\/div><div class = \"tatsu-column-bg-image-wrap\"><div class = \"tatsu-column-bg-image\" ><\/div><\/div><div class=\"tatsu-overlay tatsu-column-overlay tatsu-animate-none\" ><\/div><\/div><style>.tatsu-row > .tatsu-rkeJFQmCk3.tatsu-column{width: 100%;}.tatsu-rkeJFQmCk3.tatsu-column > .tatsu-column-inner > .tatsu-column-overlay{mix-blend-mode: normal;}.tatsu-rkeJFQmCk3 > .tatsu-column-inner > .tatsu-top-divider{z-index: 9999;}.tatsu-rkeJFQmCk3 > .tatsu-column-inner > .tatsu-bottom-divider{z-index: 9999;}.tatsu-rkeJFQmCk3 > .tatsu-column-inner > .tatsu-left-divider{z-index: 9999;}.tatsu-rkeJFQmCk3 > .tatsu-column-inner > .tatsu-right-divider{z-index: 9999;}@media only screen and (max-width:1377px) {.tatsu-row > .tatsu-rkeJFQmCk3.tatsu-column{width: 100%;}}@media only screen and (min-width:768px) and (max-width: 1024px) {.tatsu-row > .tatsu-rkeJFQmCk3.tatsu-column{width: 100%;}}@media only screen and (max-width: 767px) {.tatsu-row > .tatsu-rkeJFQmCk3.tatsu-column{width: 100%;}}<\/style><\/div><\/div><\/div><div class=\"tatsu-row-wrap  tatsu-wrap tatsu-row-has-one-half tatsu-row-has-two-cols tatsu-medium-gutter tatsu-reg-cols  tatsu-clearfix tatsu-SJwGp54qt\" ><div  class=\"tatsu-row \" ><div  class=\"tatsu-column  tatsu-bg-overlay tatsu-one-half tatsu-column-image-none tatsu-column-effect-none  tatsu-H1xPfa9EqK\"  data-parallax-speed=\"0\" style=\"\"><div class=\"tatsu-column-inner \" ><div class=\"tatsu-column-pad-wrap\"><div class=\"tatsu-column-pad\" ><div  class=\"special-heading-wrap style2 oshine-module align-center tatsu-BJ-DMp9N9Y  \" ><div class=\"special-heading\" ><h3 class=\"special-h-tag\" >Convenios acad\u00e9micos<\/h3><\/div><style>.tatsu-BJ-DMp9N9Y .special-heading{border-color: rgba(238,234,234,1); border-width: 1px;padding: 0px 30px 0px 30px;}<\/style><\/div><div  class=\"tatsu-module tatsu-text-block-wrap tatsu-ByzwGTq4qY  \"><div class=\"tatsu-text-inner tatsu-align-center  clearfix\" ><style>.tatsu-ByzwGTq4qY.tatsu-text-block-wrap .tatsu-text-inner{width: 100%;text-align: left;}.tatsu-ByzwGTq4qY.tatsu-text-block-wrap{margin: 20px 0px 30px 0px;}<\/style>\n<div class=\"wpb_text_column wpb_content_element \">\n<div class=\"wpb_wrapper\">\n<div class=\"wpb_text_column wpb_content_element \">\n<div class=\"wpb_wrapper\">\n<p><span style=\"color: #000000;\">Como parte de sus esfuerzos por promover un mejor conocimiento de la profesi\u00f3n y facilitar la formaci\u00f3n y capacitaci\u00f3n profesional de sus asociados, la ANPAT promueve una una pol\u00edtica activa de colaboraci\u00f3n con instituciones acad\u00e9micas.<\/span><\/p>\n<p><span style=\"color: #000000;\">En la actualidad, la Asociaci\u00f3n tiene suscrito sendos convenios de colaboraci\u00f3n en los programas de pr\u00e1cticas externas para estudiantes con la Universidad Aut\u00f3noma de Madrid y la Universidad Complutense de Madrid.<\/span><\/p>\n<p><span style=\"color: #000000;\">Si quieres conocer con m\u00e1s detalle en que consisten estos programas y como puedes participar en los mismos a trav\u00e9s de tu despacho, entra en el \u00e1rea privada donde podr\u00e1s acceder a la documentaci\u00f3n de los mismos, o env\u00eda un correo a <a style=\"color: #000000;\" href=\"mailto:secretaria@anpat.org\">secretaria@anpat.org<\/a><\/span><\/p>\n<\/div>\n<\/div>\n<\/div>\n<\/div>\n<\/div><\/div><\/div><\/div><div class = \"tatsu-column-bg-image-wrap\"><div class = \"tatsu-column-bg-image\" ><\/div><\/div><div class=\"tatsu-overlay tatsu-column-overlay tatsu-animate-none\" ><\/div><\/div><style>.tatsu-row > .tatsu-H1xPfa9EqK.tatsu-column{width: 50%;}.tatsu-H1xPfa9EqK.tatsu-column > .tatsu-column-inner > .tatsu-column-overlay{mix-blend-mode: normal;}.tatsu-H1xPfa9EqK > .tatsu-column-inner > .tatsu-top-divider{z-index: 9999;}.tatsu-H1xPfa9EqK > .tatsu-column-inner > .tatsu-bottom-divider{z-index: 9999;}.tatsu-H1xPfa9EqK > .tatsu-column-inner > .tatsu-left-divider{z-index: 9999;}.tatsu-H1xPfa9EqK > .tatsu-column-inner > .tatsu-right-divider{z-index: 9999;}@media only screen and (max-width:1377px) {.tatsu-row > .tatsu-H1xPfa9EqK.tatsu-column{width: 50%;}}@media only screen and (min-width:768px) and (max-width: 1024px) {.tatsu-row > .tatsu-H1xPfa9EqK.tatsu-column{width: 50%;}}@media only screen and (max-width: 767px) {.tatsu-row > .tatsu-H1xPfa9EqK.tatsu-column{width: 100%;}}<\/style><\/div><div  class=\"tatsu-column  tatsu-bg-overlay tatsu-column-empty tatsu-one-half tatsu-column-image-none tatsu-column-effect-none  tatsu-rk7vM6qNqt\"  data-parallax-speed=\"0\" style=\"\"><div class=\"tatsu-column-inner \" ><div class=\"tatsu-column-pad-wrap\"><div class=\"tatsu-column-pad\" ><\/div><\/div><div class = \"tatsu-column-bg-image-wrap\"><div class = \"tatsu-column-bg-image\" ><\/div><\/div><div class=\"tatsu-overlay tatsu-column-overlay tatsu-animate-none\" ><\/div><\/div><style>.tatsu-row > .tatsu-rk7vM6qNqt.tatsu-column{width: 50%;}.tatsu-rk7vM6qNqt.tatsu-column > .tatsu-column-inner > .tatsu-column-overlay{mix-blend-mode: normal;}.tatsu-rk7vM6qNqt > .tatsu-column-inner > .tatsu-top-divider{z-index: 9999;}.tatsu-rk7vM6qNqt > .tatsu-column-inner > .tatsu-bottom-divider{z-index: 9999;}.tatsu-rk7vM6qNqt > .tatsu-column-inner > .tatsu-left-divider{z-index: 9999;}.tatsu-rk7vM6qNqt > .tatsu-column-inner > .tatsu-right-divider{z-index: 9999;}@media only screen and (max-width:1377px) {.tatsu-row > .tatsu-rk7vM6qNqt.tatsu-column{width: 50%;}}@media only screen and (min-width:768px) and (max-width: 1024px) {.tatsu-row > .tatsu-rk7vM6qNqt.tatsu-column{width: 50%;}}@media only screen and (max-width: 767px) {.tatsu-row > .tatsu-rk7vM6qNqt.tatsu-column{width: 100%;}}<\/style><\/div><\/div><\/div><\/div><div class=\"tatsu-section-background-wrap\"><div class = \"tatsu-section-background\" ><\/div><\/div><div class=\"tatsu-overlay tatsu-section-overlay\"><\/div><style>.tatsu-BJoE55E9K .tatsu-section-pad{padding: 90px 0px 90px 0px;}.tatsu-BJoE55E9K > .tatsu-bottom-divider{z-index: 9999;}.tatsu-BJoE55E9K > .tatsu-top-divider{z-index: 9999;}.tatsu-BJoE55E9K .tatsu-section-overlay{mix-blend-mode: normal;}<\/style><\/div>\n","protected":false},"excerpt":{"rendered":"<p><a href=\"https:\/\/anpat.org\/web\/acuerdos\/\" class=\"more-link style3-button\">Read More<\/a><\/p>","protected":false},"author":2,"featured_media":0,"parent":0,"menu_order":0,"comment_status":"closed","ping_status":"open","template":"","meta":{"inline_featured_image":false,"footnotes":""},"class_list":["post-2","page","type-page","status-publish","hentry"],"_links":{"self":[{"href":"https:\/\/anpat.org\/web\/wp-json\/wp\/v2\/pages\/2","targetHints":{"allow":["GET"]}}],"collection":[{"href":"https:\/\/anpat.org\/web\/wp-json\/wp\/v2\/pages"}],"about":[{"href":"https:\/\/anpat.org\/web\/wp-json\/wp\/v2\/types\/page"}],"author":[{"embeddable":true,"href":"https:\/\/anpat.org\/web\/wp-json\/wp\/v2\/users\/2"}],"replies":[{"embeddable":true,"href":"https:\/\/anpat.org\/web\/wp-json\/wp\/v2\/comments?post=2"}],"version-history":[{"count":32,"href":"https:\/\/anpat.org\/web\/wp-json\/wp\/v2\/pages\/2\/revisions"}],"predecessor-version":[{"id":3615,"href":"https:\/\/anpat.org\/web\/wp-json\/wp\/v2\/pages\/2\/revisions\/3615"}],"wp:attachment":[{"href":"https:\/\/anpat.org\/web\/wp-json\/wp\/v2\/media?parent=2"}],"curies":[{"name":"wp","href":"https:\/\/api.w.org\/{rel}","templated":true}]}}