{"id":2792,"date":"2014-11-06T04:25:01","date_gmt":"2014-11-06T04:25:01","guid":{"rendered":"http:\/\/www.brandexponents.com\/oshin\/v11\/?page_id=2792"},"modified":"2022-01-03T15:41:16","modified_gmt":"2022-01-03T15:41:16","slug":"contactar","status":"publish","type":"page","link":"https:\/\/anpat.org\/web\/contactar\/","title":{"rendered":"Contactar"},"content":{"rendered":"<div  class=\"tatsu-fqpfj6x4u5rsczp tatsu-section  tatsu-bg-overlay   tatsu-clearfix\" data-title=\"\"  data-headerscheme=\"background--light\"><div class='tatsu-section-pad clearfix' data-padding='{\"d\":\"30px 0% 30px 0%\"}' data-padding-top='30px'><\/div><div class=\"tatsu-section-background-wrap\"><div class = \"tatsu-section-background\" ><\/div><\/div><div class=\"tatsu-overlay tatsu-section-overlay\"><\/div><style>.tatsu-fqpfj6x4u5rsczp{border-width: 0px 0px px 0px;border-style: solid;}.tatsu-fqpfj6x4u5rsczp .tatsu-section-pad{padding: 30px 0% 30px 0%;}.tatsu-fqpfj6x4u5rsczp > .tatsu-bottom-divider{z-index: 9999;}.tatsu-fqpfj6x4u5rsczp > .tatsu-top-divider{z-index: 9999;}.tatsu-fqpfj6x4u5rsczp .tatsu-section-overlay{mix-blend-mode: normal;}<\/style><\/div><div  class=\"tatsu-fqpfj6x4y8bmcvmx tatsu-section  tatsu-bg-overlay   tatsu-clearfix\" data-title=\"\"  data-headerscheme=\"background--light\"><div class='tatsu-section-pad clearfix' data-padding='{\"d\":\"0px 0% 90px 0%\"}' data-padding-top='0px'><div class=\"tatsu-row-wrap  tatsu-row-full-width tatsu-row-one-col tatsu-row-has-one-cols tatsu-medium-gutter tatsu-reg-cols  tatsu-clearfix tatsu-fqpfj6x4yt6g7s4d\" ><div  class=\"tatsu-row \" ><div  class=\"tatsu-column  tatsu-bg-overlay tatsu-one-col tatsu-column-image-none tatsu-column-effect-none  tatsu-fqpfj6x4z19edtkr\"  data-parallax-speed=\"0\" style=\"\"><div class=\"tatsu-column-inner \" ><div class=\"tatsu-column-pad-wrap\"><div class=\"tatsu-column-pad\" ><div  class=\"tatsu-module tatsu-text-block-wrap tatsu-H1EIayrcF  \"><div class=\"tatsu-text-inner   clearfix\" ><style>.tatsu-H1EIayrcF.tatsu-text-block-wrap .tatsu-text-inner{width: 98%;text-align: center;color: rgba(8,57,134,1) ;}.tatsu-H1EIayrcF.tatsu-text-block-wrap{margin: 40px 0px 50px 0px;}.tatsu-H1EIayrcF .tatsu-text-inner *{color: rgba(8,57,134,1) ;}.tatsu-H1EIayrcF.tatsu-text-block-wrap .tatsu-text-inner *{font-family : \"Roboto\",-apple-system,BlinkMacSystemFont,'Segoe UI',Roboto,Oxygen-Sans,Ubuntu,Cantarell,'Helvetica Neue',sans-serif;font-weight : 100;font-size : 50px;}<\/style>\n<p>CONTACTAR<\/p>\n<\/div><\/div><\/div><\/div><div class = \"tatsu-column-bg-image-wrap\"><div class = \"tatsu-column-bg-image\" ><\/div><\/div><div class=\"tatsu-overlay tatsu-column-overlay tatsu-animate-none\" ><\/div><\/div><style>.tatsu-row > .tatsu-fqpfj6x4z19edtkr.tatsu-column{width: 100%;}.tatsu-fqpfj6x4z19edtkr.tatsu-column > .tatsu-column-inner > .tatsu-column-overlay{mix-blend-mode: normal;}.tatsu-fqpfj6x4z19edtkr > .tatsu-column-inner > .tatsu-top-divider{z-index: 9999;}.tatsu-fqpfj6x4z19edtkr > .tatsu-column-inner > .tatsu-bottom-divider{z-index: 9999;}.tatsu-fqpfj6x4z19edtkr > .tatsu-column-inner > .tatsu-left-divider{z-index: 9999;}.tatsu-fqpfj6x4z19edtkr > .tatsu-column-inner > .tatsu-right-divider{z-index: 9999;}<\/style><\/div><\/div><\/div><div class=\"tatsu-row-wrap  tatsu-wrap tatsu-row-has-two-cols tatsu-medium-gutter tatsu-reg-cols  tatsu-clearfix tatsu-fqpfj6x51uahhrgx\" ><div  class=\"tatsu-row \" ><div  class=\"tatsu-column  tatsu-bg-overlay tatsu-two-third tatsu-column-image-none tatsu-column-effect-none  tatsu-fqpfj6x522bo4vak\"  data-parallax-speed=\"0\" style=\"\"><div class=\"tatsu-column-inner \" ><div class=\"tatsu-column-pad-wrap\"><div class=\"tatsu-column-pad\" ><div  class=\"tatsu-module tatsu-text-block-wrap tatsu-fqpfj6x528ai8xn2  \"><div class=\"tatsu-text-inner tatsu-align-center tatsu-animate clearfix\" data-animation=\"fadeIn\"  ><style>.tatsu-fqpfj6x528ai8xn2.tatsu-text-block-wrap .tatsu-text-inner{text-align: center;}<\/style>\n<h5>Asociaci\u00f3n Nacional de Profesionales del Asesoramiento Tributario<\/h5>\n<\/div><\/div><div  class=\"tatsu-shortcode-module tatsu-module tatsu-BkdQRJHcK   \"  >\n<div class=\"wpcf7 no-js\" id=\"wpcf7-f3433-o1\" lang=\"es-ES\" dir=\"ltr\" data-wpcf7-id=\"3433\">\n<div class=\"screen-reader-response\"><p role=\"status\" aria-live=\"polite\" aria-atomic=\"true\"><\/p> <ul><\/ul><\/div>\n<form action=\"\/web\/wp-json\/wp\/v2\/pages\/2792#wpcf7-f3433-o1\" method=\"post\" class=\"wpcf7-form init\" aria-label=\"Formulario de contacto\" novalidate=\"novalidate\" data-status=\"init\">\n<fieldset class=\"hidden-fields-container\"><input type=\"hidden\" name=\"_wpcf7\" value=\"3433\" \/><input type=\"hidden\" name=\"_wpcf7_version\" value=\"6.1.1\" \/><input type=\"hidden\" name=\"_wpcf7_locale\" value=\"es_ES\" \/><input type=\"hidden\" name=\"_wpcf7_unit_tag\" value=\"wpcf7-f3433-o1\" \/><input type=\"hidden\" name=\"_wpcf7_container_post\" value=\"0\" \/><input type=\"hidden\" name=\"_wpcf7_posted_data_hash\" value=\"\" \/>\n<\/fieldset>\n<p><label> Nombre<br \/>\n<span class=\"wpcf7-form-control-wrap\" data-name=\"your-name\"><input size=\"40\" maxlength=\"400\" class=\"wpcf7-form-control wpcf7-text wpcf7-validates-as-required\" aria-required=\"true\" aria-invalid=\"false\" value=\"\" type=\"text\" name=\"your-name\" \/><\/span> <\/label>\n<\/p>\n<p><label> Correo electr\u00f3nico<br \/>\n<span class=\"wpcf7-form-control-wrap\" data-name=\"your-email\"><input size=\"40\" maxlength=\"400\" class=\"wpcf7-form-control wpcf7-email wpcf7-validates-as-required wpcf7-text wpcf7-validates-as-email\" aria-required=\"true\" aria-invalid=\"false\" value=\"\" type=\"email\" name=\"your-email\" \/><\/span> <\/label>\n<\/p>\n<p><label> Asunto<br \/>\n<span class=\"wpcf7-form-control-wrap\" data-name=\"your-subject\"><input size=\"40\" maxlength=\"400\" class=\"wpcf7-form-control wpcf7-text wpcf7-validates-as-required\" aria-required=\"true\" aria-invalid=\"false\" value=\"\" type=\"text\" name=\"your-subject\" \/><\/span> <\/label>\n<\/p>\n<p><label> Mensaje (opcional)<br \/>\n<span class=\"wpcf7-form-control-wrap\" data-name=\"your-message\"><textarea cols=\"40\" rows=\"10\" maxlength=\"2000\" class=\"wpcf7-form-control wpcf7-textarea\" aria-invalid=\"false\" name=\"your-message\"><\/textarea><\/span> <\/label>\n<\/p>\n<p><span class=\"wpcf7-form-control-wrap\" data-name=\"Aceptolascondicionesdeusoylapolticadeprivacidad\"><span class=\"wpcf7-form-control wpcf7-checkbox wpcf7-validates-as-required\"><span class=\"wpcf7-list-item first last\"><label><input type=\"checkbox\" name=\"Aceptolascondicionesdeusoylapolticadeprivacidad[]\" value=\"Acepto las condiciones de uso y la pol\u00edtica de privacidad. \nTe informamos que los datos de car\u00e1cter personal que nos proporciones rellenando el presente formulario ser\u00e1n tratados por ANPAT como responsable de esta web. La Finalidad es gestionar la solicitud que realizas en este formulario de contacto y para el env\u00edo de las publicaciones de ANPAT, as\u00ed de como correos comerciales, pero te prometemos que no realizaremos spam, solo te enviaremos contenido apropiado. Legitimaci\u00f3n: Consentimiento del interesado. Destinatarios: Los datos llegan a nuestro hosting cuyo titular es Raiola, en Espa\u00f1a. Podr\u00e1s ejercer tus Derechos de acceso, rectificaci\u00f3n, limitaci\u00f3n y suprimir los datos enviando un email a info@anpat.org as\u00ed como el derecho a presentar una reclamaci\u00f3n ante una autoridad de control.\" \/><span class=\"wpcf7-list-item-label\">Acepto las condiciones de uso y la pol\u00edtica de privacidad. \nTe informamos que los datos de car\u00e1cter personal que nos proporciones rellenando el presente formulario ser\u00e1n tratados por ANPAT como responsable de esta web. La Finalidad es gestionar la solicitud que realizas en este formulario de contacto y para el env\u00edo de las publicaciones de ANPAT, as\u00ed de como correos comerciales, pero te prometemos que no realizaremos spam, solo te enviaremos contenido apropiado. Legitimaci\u00f3n: Consentimiento del interesado. Destinatarios: Los datos llegan a nuestro hosting cuyo titular es Raiola, en Espa\u00f1a. Podr\u00e1s ejercer tus Derechos de acceso, rectificaci\u00f3n, limitaci\u00f3n y suprimir los datos enviando un email a info@anpat.org as\u00ed como el derecho a presentar una reclamaci\u00f3n ante una autoridad de control.<\/span><\/label><\/span><\/span><\/span>\n<\/p>\n<p><input class=\"wpcf7-form-control wpcf7-submit has-spinner\" type=\"submit\" value=\"Enviar a Anpat\" \/>\n<\/p><div class=\"wpcf7-response-output\" aria-hidden=\"true\"><\/div>\n<\/form>\n<\/div>\n<br \/>\n<\/div><\/div><\/div><div class = \"tatsu-column-bg-image-wrap\"><div class = \"tatsu-column-bg-image\" ><\/div><\/div><div class=\"tatsu-overlay tatsu-column-overlay tatsu-animate-none\" ><\/div><\/div><style>.tatsu-row > .tatsu-fqpfj6x522bo4vak.tatsu-column{width: 66.67%;}.tatsu-fqpfj6x522bo4vak.tatsu-column > .tatsu-column-inner > .tatsu-column-overlay{mix-blend-mode: normal;}.tatsu-fqpfj6x522bo4vak > .tatsu-column-inner > .tatsu-top-divider{z-index: 9999;}.tatsu-fqpfj6x522bo4vak > .tatsu-column-inner > .tatsu-bottom-divider{z-index: 9999;}.tatsu-fqpfj6x522bo4vak > .tatsu-column-inner > .tatsu-left-divider{z-index: 9999;}.tatsu-fqpfj6x522bo4vak > .tatsu-column-inner > .tatsu-right-divider{z-index: 9999;}@media only screen and (max-width: 767px) {.tatsu-row > .tatsu-fqpfj6x522bo4vak.tatsu-column{width: 100%;}}<\/style><\/div><div  class=\"tatsu-column  tatsu-bg-overlay tatsu-one-third tatsu-animate tatsu-column-image-none tatsu-column-effect-none  tatsu-fqpfj6x5864s2rll\" data-animation=\"flipInX\"   data-parallax-speed=\"0\" style=\"\"><div class=\"tatsu-column-inner \" ><div class=\"tatsu-column-pad-wrap\"><div class=\"tatsu-column-pad\" ><div  class=\"tatsu-module tatsu-text-block-wrap tatsu-fqpfj6x58icqez4z  \"><div class=\"tatsu-text-inner tatsu-align-center tatsu-animate clearfix\" data-animation=\"fadeIn\"  ><style>.tatsu-fqpfj6x58icqez4z.tatsu-text-block-wrap .tatsu-text-inner{text-align: left;}.tatsu-fqpfj6x58icqez4z.tatsu-text-block-wrap{margin: 0px 0px 0px 0px;}<\/style>\n<h5><span style=\"color: #0a3291;\">Direcci\u00f3n<\/span><\/h5>\n<\/div><\/div><div  class=\"tatsu-module tatsu-text-block-wrap tatsu-fqpfj6x5and8bcx7  \"><div class=\"tatsu-text-inner tatsu-align-center tatsu-animate clearfix\" data-animation=\"fadeIn\"  ><style>.tatsu-fqpfj6x5and8bcx7.tatsu-text-block-wrap .tatsu-text-inner{text-align: left;}<\/style>\n<p style=\"text-align: left;\"><span style=\"color: #000000;\">Calle Virgen del Templo, 24, Local<\/span><br \/>\n<span style=\"color: #000000;\">San Fernando de Henares<\/span><br \/>\n<span style=\"color: #000000;\">28830 Madrid<\/span><\/p>\n<\/div><\/div><div  class=\"tatsu-module tatsu-text-block-wrap tatsu-fqpfj6x5d28wdf2y  \"><div class=\"tatsu-text-inner tatsu-align-center tatsu-animate clearfix\" data-animation=\"fadeIn\"  ><style>.tatsu-fqpfj6x5d28wdf2y.tatsu-text-block-wrap .tatsu-text-inner{text-align: left;}.tatsu-fqpfj6x5d28wdf2y.tatsu-text-block-wrap{margin: 0px 0px 0px 0px;}<\/style>\n<h5><span style=\"color: #0a3291;\">Tel\u00e9fono<\/span><\/h5>\n<\/div><\/div><div  class=\"tatsu-module tatsu-text-block-wrap tatsu-fqpfj6x5f96bwnx9  \"><div class=\"tatsu-text-inner tatsu-align-center tatsu-animate clearfix\" data-animation=\"fadeIn\"  ><style>.tatsu-fqpfj6x5f96bwnx9.tatsu-text-block-wrap .tatsu-text-inner{text-align: left;}<\/style>\n<p style=\"text-align: left;\"><span style=\"color: #000000;\">639 648 570<\/span><\/p>\n<\/div><\/div><div  class=\"tatsu-module tatsu-text-block-wrap tatsu-BJjI4s4qt  \"><div class=\"tatsu-text-inner tatsu-align-center tatsu-animate clearfix\" data-animation=\"fadeIn\"  ><style>.tatsu-BJjI4s4qt.tatsu-text-block-wrap .tatsu-text-inner{text-align: left;}.tatsu-BJjI4s4qt.tatsu-text-block-wrap{margin: 0px 0px 0px 0px;}<\/style>\n<h5><span style=\"color: #0a3291;\">Correo<\/span><\/h5>\n<\/div><\/div><div  class=\"tatsu-module tatsu-text-block-wrap tatsu-HygwEoV5F  \"><div class=\"tatsu-text-inner tatsu-align-center tatsu-animate clearfix\" data-animation=\"fadeIn\"  ><style>.tatsu-HygwEoV5F.tatsu-text-block-wrap .tatsu-text-inner{text-align: left;}<\/style>\n<p style=\"text-align: left;\"><span class=\"email\"><span class=\"p_contact\"><a href=\"mailto:secretaria@anpat.org\"><span style=\"color: #000000;\">secretaria@anpat.org<\/span><\/a><\/span><\/span><\/p>\n<\/div><\/div><\/div><\/div><div class = \"tatsu-column-bg-image-wrap\"><div class = \"tatsu-column-bg-image\" ><\/div><\/div><div class=\"tatsu-overlay tatsu-column-overlay tatsu-animate-none\" ><\/div><\/div><style>.tatsu-row > .tatsu-fqpfj6x5864s2rll.tatsu-column{width: 33.33%;}.tatsu-fqpfj6x5864s2rll.tatsu-column > .tatsu-column-inner{background-color: #f4f4f4;}.tatsu-fqpfj6x5864s2rll.tatsu-column > .tatsu-column-inner > .tatsu-column-pad-wrap > .tatsu-column-pad{padding: 10% 10% 10% 10%;}.tatsu-fqpfj6x5864s2rll.tatsu-column{margin: 0px 0px  0px !important;}.tatsu-fqpfj6x5864s2rll.tatsu-column > .tatsu-column-inner > .tatsu-column-overlay{mix-blend-mode: normal;}.tatsu-fqpfj6x5864s2rll > .tatsu-column-inner > .tatsu-top-divider{z-index: 9999;}.tatsu-fqpfj6x5864s2rll > .tatsu-column-inner > .tatsu-bottom-divider{z-index: 9999;}.tatsu-fqpfj6x5864s2rll > .tatsu-column-inner > .tatsu-left-divider{z-index: 9999;}.tatsu-fqpfj6x5864s2rll > .tatsu-column-inner > .tatsu-right-divider{z-index: 9999;}@media only screen and (max-width: 767px) {.tatsu-row > .tatsu-fqpfj6x5864s2rll.tatsu-column{width: 100%;}}<\/style><\/div><\/div><\/div><\/div><div class=\"tatsu-section-background-wrap\"><div class = \"tatsu-section-background\" ><\/div><\/div><div class=\"tatsu-overlay tatsu-section-overlay\"><\/div><style>.tatsu-fqpfj6x4y8bmcvmx{border-width: 0px 0px px 0px;border-style: solid;}.tatsu-fqpfj6x4y8bmcvmx .tatsu-section-pad{padding: 0px 0% 90px 0%;}.tatsu-fqpfj6x4y8bmcvmx > .tatsu-bottom-divider{z-index: 9999;}.tatsu-fqpfj6x4y8bmcvmx > .tatsu-top-divider{z-index: 9999;}.tatsu-fqpfj6x4y8bmcvmx .tatsu-section-overlay{mix-blend-mode: normal;}<\/style><\/div>\n","protected":false},"excerpt":{"rendered":"<p><a href=\"https:\/\/anpat.org\/web\/contactar\/\" class=\"more-link style3-button\">Read More<\/a><\/p>","protected":false},"author":2,"featured_media":0,"parent":0,"menu_order":0,"comment_status":"open","ping_status":"closed","template":"","meta":{"inline_featured_image":false,"footnotes":""},"class_list":["post-2792","page","type-page","status-publish","hentry"],"_links":{"self":[{"href":"https:\/\/anpat.org\/web\/wp-json\/wp\/v2\/pages\/2792","targetHints":{"allow":["GET"]}}],"collection":[{"href":"https:\/\/anpat.org\/web\/wp-json\/wp\/v2\/pages"}],"about":[{"href":"https:\/\/anpat.org\/web\/wp-json\/wp\/v2\/types\/page"}],"author":[{"embeddable":true,"href":"https:\/\/anpat.org\/web\/wp-json\/wp\/v2\/users\/2"}],"replies":[{"embeddable":true,"href":"https:\/\/anpat.org\/web\/wp-json\/wp\/v2\/comments?post=2792"}],"version-history":[{"count":21,"href":"https:\/\/anpat.org\/web\/wp-json\/wp\/v2\/pages\/2792\/revisions"}],"predecessor-version":[{"id":3584,"href":"https:\/\/anpat.org\/web\/wp-json\/wp\/v2\/pages\/2792\/revisions\/3584"}],"wp:attachment":[{"href":"https:\/\/anpat.org\/web\/wp-json\/wp\/v2\/media?parent=2792"}],"curies":[{"name":"wp","href":"https:\/\/api.w.org\/{rel}","templated":true}]}}