{"id":2829,"date":"2014-11-11T09:41:41","date_gmt":"2014-11-11T09:41:41","guid":{"rendered":"http:\/\/brandexponents.com\/oshin\/v11\/?page_id=2829"},"modified":"2022-01-03T15:26:33","modified_gmt":"2022-01-03T15:26:33","slug":"anpat","status":"publish","type":"page","link":"https:\/\/anpat.org\/web\/","title":{"rendered":"Anpat"},"content":{"rendered":"<div  class=\"tatsu-fqpfj7gq1r45bgcw tatsu-section    tatsu-clearfix\" data-title=\"\"  data-headerscheme=\"background--dark\"><div class='tatsu-section-pad clearfix' data-padding='{\"d\":\"150px 0% 150px 0%\"}' data-padding-top='150px'><div class=\"tatsu-row-wrap  tatsu-wrap tatsu-row-has-one-half tatsu-row-has-two-cols tatsu-medium-gutter tatsu-reg-cols  tatsu-clearfix tatsu-fqpfj7gq2j2xjz5a\" ><div  class=\"tatsu-row \" ><div  class=\"tatsu-column  tatsu-column-no-bg tatsu-one-half tatsu-column-image-none tatsu-column-effect-none  tatsu-fqpfj7gq2q5t0jp1\"  data-parallax-speed=\"0\" style=\"\"><div class=\"tatsu-column-inner \" ><div class=\"tatsu-column-pad-wrap\"><div class=\"tatsu-column-pad\" ><div  class=\"tatsu-module tatsu-text-block-wrap tatsu-fqpfj7gq331j3v1i  \"><div class=\"tatsu-text-inner   clearfix\" ><style>.tatsu-fqpfj7gq331j3v1i.tatsu-text-block-wrap .tatsu-text-inner{text-align: left;}.tatsu-fqpfj7gq331j3v1i.tatsu-text-block-wrap .tatsu-text-inner *{font-family : \"Roboto\",-apple-system,BlinkMacSystemFont,'Segoe UI',Roboto,Oxygen-Sans,Ubuntu,Cantarell,'Helvetica Neue',sans-serif;font-weight : 100;text-transform : none;}<\/style>\n<h1 style=\"text-align: left;\"><span style=\"color: #ffffff;\">Un sitio de confianza para poner el com\u00fan inquietudes e ideas<br \/>\n<\/span><\/h1>\n<p style=\"text-align: left;\"><span style=\"font-size: 12pt; color: #ffffff; line-height: 2.0em;\">&nbsp;<\/span><\/p>\n<\/div><\/div><div  class=\"tatsu-empty-space  tatsu-fqpfj7gq6m2w59xv  \" ><style>.tatsu-fqpfj7gq6m2w59xv.tatsu-empty-space{height: 25px;}<\/style><\/div><\/div><\/div><div class = \"tatsu-column-bg-image-wrap\"><div class = \"tatsu-column-bg-image\" ><\/div><\/div><\/div><style>.tatsu-row > .tatsu-fqpfj7gq2q5t0jp1.tatsu-column{width: 50%;}.tatsu-fqpfj7gq2q5t0jp1.tatsu-column > .tatsu-column-inner > .tatsu-column-pad-wrap > .tatsu-column-pad{padding: 0% 0% 0% 0%;}.tatsu-fqpfj7gq2q5t0jp1.tatsu-column > .tatsu-column-inner > .tatsu-column-overlay{mix-blend-mode: none;}.tatsu-fqpfj7gq2q5t0jp1 > .tatsu-column-inner > .tatsu-top-divider{z-index: 9999;}.tatsu-fqpfj7gq2q5t0jp1 > .tatsu-column-inner > .tatsu-bottom-divider{z-index: 9999;}.tatsu-fqpfj7gq2q5t0jp1 > .tatsu-column-inner > .tatsu-left-divider{z-index: 9999;}.tatsu-fqpfj7gq2q5t0jp1 > .tatsu-column-inner > .tatsu-right-divider{z-index: 9999;}@media only screen and (max-width: 767px) {.tatsu-row > .tatsu-fqpfj7gq2q5t0jp1.tatsu-column{width: 100%;}}<\/style><\/div><div  class=\"tatsu-column  tatsu-column-no-bg tatsu-one-half tatsu-column-image-none tatsu-column-effect-none  tatsu-fqpfj7gqbye7e86k\"  data-parallax-speed=\"0\" style=\"\"><div class=\"tatsu-column-inner \" ><div class=\"tatsu-column-pad-wrap\"><div class=\"tatsu-column-pad\" ><div  class=\"tatsu-empty-space  tatsu-fqpfj7gqc6b1ig42  \" ><style>.tatsu-fqpfj7gqc6b1ig42.tatsu-empty-space{height: 1px;}<\/style><\/div><\/div><\/div><div class = \"tatsu-column-bg-image-wrap\"><div class = \"tatsu-column-bg-image\" ><\/div><\/div><\/div><style>.tatsu-row > .tatsu-fqpfj7gqbye7e86k.tatsu-column{width: 50%;}.tatsu-fqpfj7gqbye7e86k.tatsu-column > .tatsu-column-inner > .tatsu-column-overlay{mix-blend-mode: none;}.tatsu-fqpfj7gqbye7e86k > .tatsu-column-inner > .tatsu-top-divider{z-index: 9999;}.tatsu-fqpfj7gqbye7e86k > .tatsu-column-inner > .tatsu-bottom-divider{z-index: 9999;}.tatsu-fqpfj7gqbye7e86k > .tatsu-column-inner > .tatsu-left-divider{z-index: 9999;}.tatsu-fqpfj7gqbye7e86k > .tatsu-column-inner > .tatsu-right-divider{z-index: 9999;}@media only screen and (max-width: 767px) {.tatsu-row > .tatsu-fqpfj7gqbye7e86k.tatsu-column{width: 100%;}}<\/style><\/div><\/div><\/div><\/div><div class=\"tatsu-section-background-wrap\"><div class = \"tatsu-section-background\" ><\/div><\/div><style>.tatsu-fqpfj7gq1r45bgcw.tatsu-section{background-color: rgba(5,56,137,1);}.tatsu-fqpfj7gq1r45bgcw .tatsu-section-background{background-image: url(https:\/\/anpat.org\/web\/wp-content\/uploads\/2021\/12\/inicio_imagen.jpg);background-repeat: no-repeat;background-attachment: fixed;background-position: bottom right;background-size: contain;}.tatsu-fqpfj7gq1r45bgcw .tatsu-bg-blur{background-repeat: no-repeat;background-attachment: fixed;background-position: bottom right;background-size: contain;}.tatsu-fqpfj7gq1r45bgcw{border-width: 0px 0px px 0px;border-style: solid;}.tatsu-fqpfj7gq1r45bgcw .tatsu-section-pad{padding: 150px 0% 150px 0%;}.tatsu-fqpfj7gq1r45bgcw > .tatsu-bottom-divider{z-index: 9999;}.tatsu-fqpfj7gq1r45bgcw > .tatsu-top-divider{z-index: 9999;}<\/style><\/div><div  class=\"tatsu-fqpfj7gs6llx7gv tatsu-section  tatsu-parallax   tatsu-clearfix\" data-title=\"\"  data-headerscheme=\"background--dark\"><div class='tatsu-section-pad clearfix' data-padding='{\"d\":\"0px 0% 0px 0%\"}' data-padding-top='0px'><div class=\"tatsu-row-wrap  tatsu-row-full-width tatsu-row-has-one-half tatsu-row-has-two-cols tatsu-zero-margin tatsu-no-gutter tatsu-eq-cols  tatsu-clearfix tatsu-fqpfj7gs782pf2lj\" ><div  class=\"tatsu-row \" ><div  class=\"tatsu-column  tatsu-bg-overlay tatsu-one-half tatsu-column-align-middle tatsu-column-image-none tatsu-column-effect-none  tatsu-fqpfj7gs7g2sguul\"  data-parallax-speed=\"0\" style=\"\"><div class=\"tatsu-column-inner \" ><div class=\"tatsu-column-pad-wrap\"><div class=\"tatsu-column-pad\" ><div  class=\"tatsu-module tatsu-text-block-wrap tatsu-BkdYDcN5Y  \"><div class=\"tatsu-text-inner tatsu-align-center  clearfix\" ><style>.tatsu-BkdYDcN5Y.tatsu-text-block-wrap .tatsu-text-inner{width: 100%;text-align: left;}.tatsu-BkdYDcN5Y.tatsu-text-block-wrap .tatsu-text-inner *{font-family : \"Roboto\",-apple-system,BlinkMacSystemFont,'Segoe UI',Roboto,Oxygen-Sans,Ubuntu,Cantarell,'Helvetica Neue',sans-serif;font-weight : 300;text-transform : none;font-size : 16px;}<\/style>\n<p><span style=\"color: #ffffff;\">Hemos fundado la <strong>Asociaci\u00f3n Nacional de Profesionales del Asesoramiento Tributario<\/strong> (anpat), con unas se\u00f1as de indentidad que definen un proyecto asociativo plenamente de TU inter\u00e9s:<\/span><\/p>\n<p><span style=\"color: #ffffff;\">Transparente: clara como el cristal, tanto en sus cuentas como en sus objetivos y metas; y con una exigencia democr\u00e1tica que hace de la Junta Directiva un mero instrumento para facilitar entre todos la toma de decisiones importantes, y donde sin monopolios institucionales, todos encontremos apoyo en los momentos complicados.<\/span><\/p>\n<p><span style=\"color: #ffffff;\">\u00datil: Un lugar para dignificar la profesi\u00f3n y para crecer profesional y personalmente; utilizable como herramienta imprescindible y c\u00f3moda gracias a las nuevas tecnolog\u00edas. Y br\u00fajula con la que fijar rumbo a los objetivos marcados desde y para la defensa de los intereses de nuestros asociados, con un dinamismo acorde a la realidad de una profesi\u00f3n siempre en movimiento.<\/span><\/p>\n<p><span style=\"color: #ffffff;\">\u00c9ste es nuestro camino, y como anpat es de todos y para todos, te propongo andarlo juntos y ayudarnos a ayudarte.<\/span><\/p>\n<p><span style=\"color: #ffffff;\">Trat\u00e1ndose de TU inter\u00e9s, espero darte pronto la bienvenida.<\/span><\/p>\n<\/div><\/div><div  class=\"tatsu-module tatsu-text-block-wrap tatsu-BJ7A2NB5F  \"><div class=\"tatsu-text-inner tatsu-align-center  clearfix\" ><style>.tatsu-BJ7A2NB5F.tatsu-text-block-wrap .tatsu-text-inner{width: 100%;text-align: left;}.tatsu-BJ7A2NB5F.tatsu-text-block-wrap{margin: 0px 0px 0px 0px;}.tatsu-BJ7A2NB5F.tatsu-text-block-wrap .tatsu-text-inner *{font-family : \"Alex Brush\",-apple-system,BlinkMacSystemFont,'Segoe UI',Roboto,Oxygen-Sans,Ubuntu,Cantarell,'Helvetica Neue',sans-serif;font-weight : 400;text-transform : none;font-size : 70px;}<\/style>\n<p><span style=\"font-size: 24pt; color: #ffffff;\">Ra\u00fal Guijarro Cabrera<\/span><\/p>\n<\/div><\/div><div  class=\"tatsu-module tatsu-text-block-wrap tatsu-SkoSUIrcK  \"><div class=\"tatsu-text-inner tatsu-align-center  clearfix\" ><style>.tatsu-SkoSUIrcK.tatsu-text-block-wrap .tatsu-text-inner{width: 100%;text-align: left;}.tatsu-SkoSUIrcK.tatsu-text-block-wrap{margin: 0px 0px 0px 0px;}.tatsu-SkoSUIrcK.tatsu-text-block-wrap .tatsu-text-inner *{}<\/style>\n<h6><span style=\"font-size: 24pt; color: #ffffff;\"><span style=\"font-size: 12pt;\">Presidente de Anpat<\/span><br \/>\n<\/span><\/h6>\n<\/div><\/div><div  class=\"tatsu-module tatsu-text-block-wrap tatsu-SyQ98ISct  \"><div class=\"tatsu-text-inner tatsu-align-center  clearfix\" ><style>.tatsu-SyQ98ISct.tatsu-text-block-wrap .tatsu-text-inner{width: 100%;text-align: left;}.tatsu-SyQ98ISct.tatsu-text-block-wrap{margin: 0px 0px 0px 0px;}.tatsu-SyQ98ISct.tatsu-text-block-wrap .tatsu-text-inner *{}<\/style>\n<h6><span style=\"font-size: 14pt; color: #ffffff;\"><a href=\"https:\/\/anpat.org\/web\/quienes-somos\/\">Descubre quienes somos aqu\u00ed<\/a><br \/>\n<\/span><\/h6>\n<\/div><\/div><div  class=\"tatsu-empty-space  tatsu-fqpfj7gsandayat2  \" ><style>.tatsu-fqpfj7gsandayat2.tatsu-empty-space{height: 30px;}<\/style><\/div><\/div><\/div><div class = \"tatsu-column-bg-image-wrap\"><div class = \"tatsu-column-bg-image\" ><\/div><\/div><div class=\"tatsu-overlay tatsu-column-overlay tatsu-animate-none\" ><\/div><\/div><style>.tatsu-row > .tatsu-fqpfj7gs7g2sguul.tatsu-column{width: 50%;}.tatsu-fqpfj7gs7g2sguul.tatsu-column > .tatsu-column-inner > .tatsu-column-pad-wrap > .tatsu-column-pad{padding: 9% 10% 9% 20%;}.tatsu-fqpfj7gs7g2sguul.tatsu-column > .tatsu-column-inner > .tatsu-column-overlay{background: rgba(111,111,111,1);mix-blend-mode: normal;}.tatsu-fqpfj7gs7g2sguul > .tatsu-column-inner > .tatsu-top-divider{z-index: 9999;}.tatsu-fqpfj7gs7g2sguul > .tatsu-column-inner > .tatsu-bottom-divider{z-index: 9999;}.tatsu-fqpfj7gs7g2sguul > .tatsu-column-inner > .tatsu-left-divider{z-index: 9999;}.tatsu-fqpfj7gs7g2sguul > .tatsu-column-inner > .tatsu-right-divider{z-index: 9999;}@media only screen and (max-width: 767px) {.tatsu-row > .tatsu-fqpfj7gs7g2sguul.tatsu-column{width: 100%;}}<\/style><\/div><div  class=\"tatsu-column  tatsu-column-empty tatsu-one-half tatsu-column-align-middle tatsu-column-image-none tatsu-column-effect-none  tatsu-fqpfj7gspi4f9mib\"  data-parallax-speed=\"0\" style=\"\"><div class=\"tatsu-column-inner \" ><div class=\"tatsu-column-pad-wrap\"><div class=\"tatsu-column-pad\" ><\/div><\/div><div class = \"tatsu-column-bg-image-wrap\"><div class = \"tatsu-column-bg-image\" ><\/div><\/div><\/div><style>.tatsu-row > .tatsu-fqpfj7gspi4f9mib.tatsu-column{width: 50%;}.tatsu-fqpfj7gspi4f9mib.tatsu-column > .tatsu-column-inner > .tatsu-column-bg-image-wrap > .tatsu-column-bg-image{background-image: url(https:\/\/anpat.org\/web\/wp-content\/uploads\/2021\/12\/Home-2.jpg);background-repeat: repeat;background-attachment: scroll;background-position: top left;background-size: cover;}.tatsu-fqpfj7gspi4f9mib.tatsu-column > .tatsu-column-inner > .tatsu-bg-blur{background-repeat: repeat;background-attachment: scroll;background-position: top left;background-size: cover;}.tatsu-fqpfj7gspi4f9mib.tatsu-column > .tatsu-column-inner > .tatsu-column-pad-wrap > .tatsu-column-pad{padding: 5% 0% 0% 0%;}.tatsu-fqpfj7gspi4f9mib.tatsu-column > .tatsu-column-inner > .tatsu-column-overlay{mix-blend-mode: none;}.tatsu-fqpfj7gspi4f9mib > .tatsu-column-inner > .tatsu-top-divider{z-index: 9999;}.tatsu-fqpfj7gspi4f9mib > .tatsu-column-inner > .tatsu-bottom-divider{z-index: 9999;}.tatsu-fqpfj7gspi4f9mib > .tatsu-column-inner > .tatsu-left-divider{z-index: 9999;}.tatsu-fqpfj7gspi4f9mib > .tatsu-column-inner > .tatsu-right-divider{z-index: 9999;}@media only screen and (max-width: 767px) {.tatsu-row > .tatsu-fqpfj7gspi4f9mib.tatsu-column{width: 100%;}}<\/style><\/div><\/div><\/div><\/div><div class=\"tatsu-section-background-wrap tatsu-parallax-element-wrap\"><div class = \"tatsu-section-background tatsu-parallax-element\" ><\/div><\/div><style>.tatsu-fqpfj7gs6llx7gv .tatsu-section-background{background-image: url(https:\/\/anpat.org\/web\/wp-content\/uploads\/2014\/11\/agency-corp-0003-blur.jpg);background-repeat: no-repeat;background-attachment: fixed;background-position: center center;background-size: cover;}.tatsu-fqpfj7gs6llx7gv .tatsu-bg-blur{background-repeat: no-repeat;background-attachment: fixed;background-position: center center;background-size: cover;}.tatsu-fqpfj7gs6llx7gv{border-width: 0px 0px px 0px;border-style: solid;}.tatsu-fqpfj7gs6llx7gv .tatsu-section-pad{padding: 0px 0% 0px 0%;}.tatsu-fqpfj7gs6llx7gv > .tatsu-bottom-divider{z-index: 9999;}.tatsu-fqpfj7gs6llx7gv > .tatsu-top-divider{z-index: 9999;}<\/style><\/div><div  class=\"tatsu-HkbKeCEH9t tatsu-section  tatsu-bg-overlay   tatsu-clearfix\" data-title=\"\"  data-headerscheme=\"background--dark\"><div class='tatsu-section-pad clearfix' data-padding='{\"d\":\"90px 0px 90px 0px\"}' data-padding-top='90px'><div class=\"tatsu-row-wrap  tatsu-wrap tatsu-row-one-col tatsu-row-has-one-cols tatsu-medium-gutter tatsu-reg-cols  tatsu-clearfix tatsu-S1gFeRESct\" ><div  class=\"tatsu-row \" ><div  class=\"tatsu-column  tatsu-bg-overlay tatsu-one-col tatsu-column-image-none tatsu-column-effect-none  tatsu-BkFgRNrcK\"  data-parallax-speed=\"0\" style=\"\"><div class=\"tatsu-column-inner \" ><div class=\"tatsu-column-pad-wrap\"><div class=\"tatsu-column-pad\" ><\/div><\/div><div class = \"tatsu-column-bg-image-wrap\"><div class = \"tatsu-column-bg-image\" ><\/div><\/div><div class=\"tatsu-overlay tatsu-column-overlay tatsu-animate-none\" ><\/div><\/div><style>.tatsu-row > .tatsu-BkFgRNrcK.tatsu-column{width: 100%;}.tatsu-BkFgRNrcK.tatsu-column > .tatsu-column-inner > .tatsu-column-overlay{mix-blend-mode: normal;}.tatsu-BkFgRNrcK > .tatsu-column-inner > .tatsu-top-divider{z-index: 9999;}.tatsu-BkFgRNrcK > .tatsu-column-inner > .tatsu-bottom-divider{z-index: 9999;}.tatsu-BkFgRNrcK > .tatsu-column-inner > .tatsu-left-divider{z-index: 9999;}.tatsu-BkFgRNrcK > .tatsu-column-inner > .tatsu-right-divider{z-index: 9999;}@media only screen and (max-width:1377px) {.tatsu-row > .tatsu-BkFgRNrcK.tatsu-column{width: 100%;}}@media only screen and (min-width:768px) and (max-width: 1024px) {.tatsu-row > .tatsu-BkFgRNrcK.tatsu-column{width: 100%;}}@media only screen and (max-width: 767px) {.tatsu-row > .tatsu-BkFgRNrcK.tatsu-column{width: 100%;}}<\/style><\/div><\/div><\/div><\/div><div class=\"tatsu-section-background-wrap\"><div class = \"tatsu-section-background\" ><\/div><\/div><div class=\"tatsu-overlay tatsu-section-overlay\"><\/div><style>.tatsu-HkbKeCEH9t .tatsu-section-pad{padding: 90px 0px 90px 0px;}.tatsu-HkbKeCEH9t .tatsu-section-offset-wrap{transform: translateY(-0px);}.tatsu-HkbKeCEH9t > .tatsu-bottom-divider{z-index: 9999;}.tatsu-HkbKeCEH9t > .tatsu-top-divider{z-index: 9999;}.tatsu-HkbKeCEH9t .tatsu-section-overlay{mix-blend-mode: normal;}<\/style><\/div>\n","protected":false},"excerpt":{"rendered":"<p><a href=\"https:\/\/anpat.org\/web\/\" class=\"more-link style3-button\">Read More<\/a><\/p>","protected":false},"author":2,"featured_media":0,"parent":0,"menu_order":0,"comment_status":"open","ping_status":"closed","template":"","meta":{"inline_featured_image":false,"footnotes":""},"class_list":["post-2829","page","type-page","status-publish","hentry"],"_links":{"self":[{"href":"https:\/\/anpat.org\/web\/wp-json\/wp\/v2\/pages\/2829","targetHints":{"allow":["GET"]}}],"collection":[{"href":"https:\/\/anpat.org\/web\/wp-json\/wp\/v2\/pages"}],"about":[{"href":"https:\/\/anpat.org\/web\/wp-json\/wp\/v2\/types\/page"}],"author":[{"embeddable":true,"href":"https:\/\/anpat.org\/web\/wp-json\/wp\/v2\/users\/2"}],"replies":[{"embeddable":true,"href":"https:\/\/anpat.org\/web\/wp-json\/wp\/v2\/comments?post=2829"}],"version-history":[{"count":25,"href":"https:\/\/anpat.org\/web\/wp-json\/wp\/v2\/pages\/2829\/revisions"}],"predecessor-version":[{"id":3581,"href":"https:\/\/anpat.org\/web\/wp-json\/wp\/v2\/pages\/2829\/revisions\/3581"}],"wp:attachment":[{"href":"https:\/\/anpat.org\/web\/wp-json\/wp\/v2\/media?parent=2829"}],"curies":[{"name":"wp","href":"https:\/\/api.w.org\/{rel}","templated":true}]}}