{"id":3362,"date":"2021-12-13T10:26:58","date_gmt":"2021-12-13T10:26:58","guid":{"rendered":"https:\/\/anpat.org\/web\/?page_id=3362"},"modified":"2024-09-05T12:34:54","modified_gmt":"2024-09-05T12:34:54","slug":"asociate","status":"publish","type":"page","link":"https:\/\/anpat.org\/web\/asociate\/","title":{"rendered":"As\u00f3ciate"},"content":{"rendered":"<div  class=\"tatsu-gx87pxlp1cabjyuq tatsu-section  tatsu-bg-overlay   tatsu-clearfix\" data-title=\"\"  data-headerscheme=\"background--dark\"><div class='tatsu-section-pad clearfix' data-padding='{\"d\":\"10px 0px 10px 0px\"}' data-padding-top='10px'><div class=\"tatsu-row-wrap  tatsu-wrap tatsu-row-one-col tatsu-row-has-one-cols tatsu-medium-gutter tatsu-reg-cols  tatsu-clearfix tatsu-gx87pxlp5x2ueg4u\" ><div  class=\"tatsu-row \" ><div  class=\"tatsu-column  tatsu-bg-overlay tatsu-one-col tatsu-column-image-none tatsu-column-effect-none  tatsu-gx87pxlpbeetaj8n\"  data-parallax-speed=\"0\" style=\"\"><div class=\"tatsu-column-inner \" ><div class=\"tatsu-column-pad-wrap\"><div class=\"tatsu-column-pad\" ><div  class=\"tatsu-module tatsu-text-block-wrap tatsu-rk3GuJScY  \"><div class=\"tatsu-text-inner tatsu-align-center  clearfix\" ><style>.tatsu-rk3GuJScY.tatsu-text-block-wrap .tatsu-text-inner{width: 100%;text-align: center;color: rgba(8,57,134,1) ;}.tatsu-rk3GuJScY.tatsu-text-block-wrap{margin: 30px 0px 30px 0px;}.tatsu-rk3GuJScY .tatsu-text-inner *{color: rgba(8,57,134,1) ;}.tatsu-rk3GuJScY.tatsu-text-block-wrap .tatsu-text-inner *{font-family : \"Roboto\",-apple-system,BlinkMacSystemFont,'Segoe UI',Roboto,Oxygen-Sans,Ubuntu,Cantarell,'Helvetica Neue',sans-serif;font-weight : 100;font-size : 50px;}<\/style>\n<p>AS\u00d3CIATE<\/p>\n<\/div><\/div><div  class=\"tatsu-module tatsu-text-block-wrap tatsu-B1j7HdScK  \"><div class=\"tatsu-text-inner tatsu-align-center  clearfix\" ><style>.tatsu-B1j7HdScK.tatsu-text-block-wrap .tatsu-text-inner{width: 100%;text-align: left;}.tatsu-B1j7HdScK.tatsu-text-block-wrap{margin: 50px 0px 30px 0px;}<\/style>\n<h6>Puede ser socio de la ANPAT cualquier persona f\u00edsica o jur\u00eddica, dedicada profesionalmente al asesoramiento tributario y financiero e incluso a otras actividades conexas o relacionadas con las dos actividades mencionadas.<\/h6>\n<\/div><\/div><\/div><\/div><div class = \"tatsu-column-bg-image-wrap\"><div class = \"tatsu-column-bg-image\" ><\/div><\/div><div class=\"tatsu-overlay tatsu-column-overlay tatsu-animate-none\" ><\/div><\/div><style>.tatsu-row > .tatsu-gx87pxlpbeetaj8n.tatsu-column{width: 100%;}.tatsu-gx87pxlpbeetaj8n.tatsu-column > .tatsu-column-inner > .tatsu-column-overlay{mix-blend-mode: normal;}.tatsu-gx87pxlpbeetaj8n > .tatsu-column-inner > .tatsu-top-divider{z-index: 9999;}.tatsu-gx87pxlpbeetaj8n > .tatsu-column-inner > .tatsu-bottom-divider{z-index: 9999;}.tatsu-gx87pxlpbeetaj8n > .tatsu-column-inner > .tatsu-left-divider{z-index: 9999;}.tatsu-gx87pxlpbeetaj8n > .tatsu-column-inner > .tatsu-right-divider{z-index: 9999;}<\/style><\/div><\/div><\/div><\/div><div class=\"tatsu-section-background-wrap\"><div class = \"tatsu-section-background\" ><\/div><\/div><div class=\"tatsu-overlay tatsu-section-overlay\"><\/div><style>.tatsu-gx87pxlp1cabjyuq .tatsu-section-pad{padding: 10px 0px 10px 0px;}.tatsu-gx87pxlp1cabjyuq > .tatsu-bottom-divider{z-index: 9999;}.tatsu-gx87pxlp1cabjyuq > .tatsu-top-divider{z-index: 9999;}.tatsu-gx87pxlp1cabjyuq .tatsu-section-overlay{mix-blend-mode: normal;}<\/style><\/div><div  class=\"tatsu-HJo-V_r9K tatsu-section  tatsu-bg-overlay   tatsu-clearfix\" data-title=\"\"  data-headerscheme=\"background--dark\"><div class='tatsu-section-pad clearfix' data-padding='{\"d\":\"10px 0px 50px 0px\"}' data-padding-top='10px'><div class=\"tatsu-row-wrap  tatsu-wrap tatsu-row-one-col tatsu-row-has-one-cols tatsu-medium-gutter tatsu-reg-cols  tatsu-clearfix tatsu-S1lsbNuHcK\" ><div  class=\"tatsu-row \" ><div  class=\"tatsu-column  tatsu-bg-overlay tatsu-one-col tatsu-column-image-none tatsu-column-effect-none  tatsu-B1WsWNOB9t\"  data-parallax-speed=\"0\" style=\"\"><div class=\"tatsu-column-inner \" ><div class=\"tatsu-column-pad-wrap\"><div class=\"tatsu-column-pad\" ><div  class = \" tatsu-S1bmf4_r5K accordion-wrap oshine-module\" ><div class = \"accordion\" data-collapsed=\"1\"><h3 class=\"accordion-head with-bg tatsu-H1mf4uBcF\" style=\"padding: 12px;\">REQUISITOS<style>.tatsu-H1mf4uBcF.accordion-head{color: rgba(255,255,255,1) ;background: rgba(5,56,137,1);}<\/style><\/h3><div>\n<h6>Requisitos para ser socio de la ANPAT (art\u00edculo 8 de los Estatutos de la Asociaci\u00f3n):<\/h6>\n<h6>1.\u00a0Solicitar la inscripci\u00f3n por el interesado en el modelo habilitado al efecto.<\/h6>\n<h6>2. Acompa\u00f1ar a dicha solicitud alguno de los siguientes t\u00edtulos:<\/h6>\n<ul>\n<li>\n<h6>T\u00edtulo superior que por su naturaleza tenga relaci\u00f3n con las materias tributarias en cualquiera de sus vertientes, tales como Licenciatura en Derecho, en Ciencias Econ\u00f3micas y Empresariales, etc.<\/h6>\n<\/li>\n<li>\n<h6>T\u00edtulo de grado medio o de escuela t\u00e9cnica, que por su naturaleza tenga relaci\u00f3n directa o indirecta con las materias tributarias en cualquiera de sus vertientes, tales como Titulado Mercantil, Graduado Social y Profesor o Intendente Mercantil, etc.<\/h6>\n<\/li>\n<li>\n<h6>T\u00edtulo de Bachiller o de Formaci\u00f3n Profesional de Grado Superior, siendo adem\u00e1s necesario en ambos supuestos acreditar que se ha ejercido el asesoramiento y la gesti\u00f3n t\u00e9cnico financiera y\/o tributaria al menos durante tres a\u00f1os.<\/h6>\n<\/li>\n<li>\n<h6>Haber superado la mitad de los estudios de cualquier titulaci\u00f3n de posgrado, que por su naturaleza tengan relaci\u00f3n directa con materias tributarias o financieras en cualquiera de sus vertientes, siempre que se demuestre continuar matriculado en dichos estudios. En caso de que los estudios de posgrado no tengan que ver con las referidas materias, ser\u00e1 necesario justificar haber asistido como m\u00ednimo en el \u00faltimo a\u00f1o y durante ochenta horas (computadas de fecha a fecha) a cursos sobre finanzas o actualizaci\u00f3n tributaria<\/h6>\n<\/li>\n<li>\n<h6>Estar en posesi\u00f3n del T\u00edtulo de Ciclo de grado superior en Administraci\u00f3n y Finanzas otorgado por el Ministerio de Educaci\u00f3n y Ciencia.<\/h6>\n<\/li>\n<\/ul>\n<h6>3. La aprobaci\u00f3n de la solicitud mediante votaci\u00f3n por la Junta Directiva, requiriendo para ello el voto favorable de como m\u00ednimo dos tercios de sus component<\/h6>\n<\/div><h3 class=\"accordion-head with-bg tatsu-SklQGN_rqY\" style=\"padding: 12px;\">PROCEDIMIENTO<style>.tatsu-SklQGN_rqY.accordion-head{color: rgba(255,255,255,1) ;background: rgba(5,56,137,1);}<\/style><\/h3><div>\n<h6>Si deseas pertenecer a la ANPAT, rellena el siguiente<strong> <a title=\"Formulario\" href=\"https:\/\/anpat.org\/asociate\/formulario\">formulario<\/a><\/strong> y pulsa enviar. Si lo prefieres, puedes <strong><a title=\"Formulario inscripci\u00f3n ANPAT\" href=\"https:\/\/anpat.org\/wp-content\/uploads\/2015\/07\/FEBRERO14-SOLICITUD-INSC.-SEPA.pdf\" target=\"_blank\" rel=\"noopener\">descargarlo<\/a>\u00a0<\/strong>en tu ordenador y, una vez cumplimentado, enviarlo a la direcci\u00f3n <a href=\"mailto:secretaria@anpat.org\"><strong>secretaria@anpat.org<\/strong><\/a><\/h6>\n<h6>No olvides indicarnos una direcci\u00f3n de correo electr\u00f3nico y\/o un n\u00famero de tel\u00e9fono de contacto y adjuntar la documentaci\u00f3n que acredite que cumples los requisitos para pertenecer a la asociaci\u00f3n.<\/h6>\n<h6>En breve nos pondremos en contacto contigo para informarte sobre el estado de tu solicitud y c\u00f3mo continuar con el procedimiento.<\/h6>\n<h6>En cualquier caso, si deseas m\u00e1s informaci\u00f3n sobre la ANPAT y las ventajas que te ofrece como asociado, escr\u00edbenos un correo a la direcci\u00f3n:\u00a0<a href=\"mailto:info@anpat.org\"><strong>info@anpat.org<\/strong><\/a><\/h6>\n<\/div><h3 class=\"accordion-head with-bg tatsu-BkJbSOH5t\" style=\"padding: 12px;\">CUOTAS<style>.tatsu-BkJbSOH5t.accordion-head{color: rgba(255,255,255,1) ;background: rgba(5,56,137,1);}<\/style><\/h3><div>\n<h6>Cuota ordinaria: 40 euros\/mes.<\/h6>\n<\/div><\/div><\/div><div  class=\"tatsu-module tatsu-text-block-wrap tatsu-HJgDBOS5F  \"><div class=\"tatsu-text-inner tatsu-align-center  clearfix\" ><style>.tatsu-HJgDBOS5F.tatsu-text-block-wrap .tatsu-text-inner{width: 100%;text-align: center;}<\/style>\n<h6>A continuaci\u00f3n, puedes acceder en formato pdf a los estatutos y el reglamento de r\u00e9gimen interior de la asociaci\u00f3n:<\/h6>\n<\/div><\/div><div  class=\"tatsu-module tatsu-button-group align-center tatsu-rkWXoGsN5t  \"  ><div  class=\"tatsu-module tatsu-normal-button tatsu-button-wrap   tatsu-BJQifsEcK   \"><a class=\"tatsu-shortcode mediumbtn tatsu-button left-icon rounded   bg-animation-none  \" href=\"#\" style= \"\"  aria-label=\"ESTATUTOS\" data-gdpr-atts={} >ESTATUTOS<\/a><style>.tatsu-BJQifsEcK .tatsu-button{background-color: rgba(10,50,145,1);color: #ffffff ;border-width: 1px;}.tatsu-BJQifsEcK .tatsu-button:hover{background-color: rgba(228,228,228,1);color: rgba(8,57,134,1) ;border-color: rgba(8,57,134,1); }<\/style><\/div><div  class=\"tatsu-module tatsu-normal-button tatsu-button-wrap   tatsu-BJeXszsN9Y   \"><a class=\"tatsu-shortcode mediumbtn tatsu-button left-icon rounded   bg-animation-none  \" href=\"#\" style= \"\"  aria-label=\"REGLAMENTO DE R\u00c9GIMEN INTERIOR\" data-gdpr-atts={} >REGLAMENTO DE R\u00c9GIMEN INTERIOR<\/a><style>.tatsu-BJeXszsN9Y .tatsu-button{background-color: rgba(10,50,145,1);color: #ffffff ;border-width: 1px;}.tatsu-BJeXszsN9Y .tatsu-button:hover{background-color: rgba(228,228,228,1);color: rgba(8,57,134,1) ;border-color: rgba(8,57,134,1); }<\/style><\/div><\/div><style>.tatsu-rkWXoGsN5t.tatsu-button-group{margin: 0px 0px 20px 0px;}<\/style><\/div><\/div><div class = \"tatsu-column-bg-image-wrap\"><div class = \"tatsu-column-bg-image\" ><\/div><\/div><div class=\"tatsu-overlay tatsu-column-overlay tatsu-animate-none\" ><\/div><\/div><style>.tatsu-row > .tatsu-B1WsWNOB9t.tatsu-column{width: 100%;}.tatsu-B1WsWNOB9t.tatsu-column > .tatsu-column-inner > .tatsu-column-overlay{mix-blend-mode: normal;}.tatsu-B1WsWNOB9t > .tatsu-column-inner > .tatsu-top-divider{z-index: 9999;}.tatsu-B1WsWNOB9t > .tatsu-column-inner > .tatsu-bottom-divider{z-index: 9999;}.tatsu-B1WsWNOB9t > .tatsu-column-inner > .tatsu-left-divider{z-index: 9999;}.tatsu-B1WsWNOB9t > .tatsu-column-inner > .tatsu-right-divider{z-index: 9999;}<\/style><\/div><\/div><\/div><\/div><div class=\"tatsu-section-background-wrap\"><div class = \"tatsu-section-background\" ><\/div><\/div><div class=\"tatsu-overlay tatsu-section-overlay\"><\/div><style>.tatsu-HJo-V_r9K .tatsu-section-pad{padding: 10px 0px 50px 0px;}.tatsu-HJo-V_r9K > .tatsu-bottom-divider{z-index: 9999;}.tatsu-HJo-V_r9K > .tatsu-top-divider{z-index: 9999;}.tatsu-HJo-V_r9K .tatsu-section-overlay{mix-blend-mode: normal;}<\/style><\/div>\n","protected":false},"excerpt":{"rendered":"<p><a href=\"https:\/\/anpat.org\/web\/asociate\/\" class=\"more-link style3-button\">Read More<\/a><\/p>","protected":false},"author":2,"featured_media":0,"parent":0,"menu_order":0,"comment_status":"closed","ping_status":"open","template":"","meta":{"inline_featured_image":false,"footnotes":""},"class_list":["post-3362","page","type-page","status-publish","hentry"],"_links":{"self":[{"href":"https:\/\/anpat.org\/web\/wp-json\/wp\/v2\/pages\/3362","targetHints":{"allow":["GET"]}}],"collection":[{"href":"https:\/\/anpat.org\/web\/wp-json\/wp\/v2\/pages"}],"about":[{"href":"https:\/\/anpat.org\/web\/wp-json\/wp\/v2\/types\/page"}],"author":[{"embeddable":true,"href":"https:\/\/anpat.org\/web\/wp-json\/wp\/v2\/users\/2"}],"replies":[{"embeddable":true,"href":"https:\/\/anpat.org\/web\/wp-json\/wp\/v2\/comments?post=3362"}],"version-history":[{"count":27,"href":"https:\/\/anpat.org\/web\/wp-json\/wp\/v2\/pages\/3362\/revisions"}],"predecessor-version":[{"id":3629,"href":"https:\/\/anpat.org\/web\/wp-json\/wp\/v2\/pages\/3362\/revisions\/3629"}],"wp:attachment":[{"href":"https:\/\/anpat.org\/web\/wp-json\/wp\/v2\/media?parent=3362"}],"curies":[{"name":"wp","href":"https:\/\/api.w.org\/{rel}","templated":true}]}}