{"id":3377,"date":"2021-12-13T13:24:39","date_gmt":"2021-12-13T13:24:39","guid":{"rendered":"https:\/\/anpat.org\/web\/?page_id=3377"},"modified":"2022-01-03T15:40:22","modified_gmt":"2022-01-03T15:40:22","slug":"area-fiscal-2","status":"publish","type":"page","link":"https:\/\/anpat.org\/web\/area-fiscal-2\/","title":{"rendered":"\u00c1rea fiscal"},"content":{"rendered":"<div  class=\"tatsu-gx87pxlp1cabjyuq tatsu-section  tatsu-bg-overlay   tatsu-clearfix\" data-title=\"\"  data-headerscheme=\"background--dark\"><div class='tatsu-section-pad clearfix' data-padding='{\"d\":\"10px 0px 10px 0px\"}' data-padding-top='10px'><div class=\"tatsu-row-wrap  tatsu-wrap tatsu-row-one-col tatsu-row-has-one-cols tatsu-medium-gutter tatsu-reg-cols  tatsu-clearfix tatsu-gx87pxlp5x2ueg4u\" ><div  class=\"tatsu-row \" ><div  class=\"tatsu-column  tatsu-bg-overlay tatsu-one-col tatsu-column-image-none tatsu-column-effect-none  tatsu-gx87pxlpbeetaj8n\"  data-parallax-speed=\"0\" style=\"\"><div class=\"tatsu-column-inner \" ><div class=\"tatsu-column-pad-wrap\"><div class=\"tatsu-column-pad\" ><div  class=\"tatsu-module tatsu-text-block-wrap tatsu-rkzIBkHcF  \"><div class=\"tatsu-text-inner tatsu-align-center  clearfix\" ><style>.tatsu-rkzIBkHcF.tatsu-text-block-wrap .tatsu-text-inner{width: 100%;text-align: left;}.tatsu-rkzIBkHcF.tatsu-text-block-wrap .tatsu-text-inner *{font-family : \"Roboto\",-apple-system,BlinkMacSystemFont,'Segoe UI',Roboto,Oxygen-Sans,Ubuntu,Cantarell,'Helvetica Neue',sans-serif;font-weight : 100;font-size : 120px;}<\/style>\n<p style=\"text-align: center;\"><span style=\"font-size: 36pt; color: #083986;\">\u00c1REA FISCAL<\/span><\/p>\n<\/div><\/div><\/div><\/div><div class = \"tatsu-column-bg-image-wrap\"><div class = \"tatsu-column-bg-image\" ><\/div><\/div><div class=\"tatsu-overlay tatsu-column-overlay tatsu-animate-none\" ><\/div><\/div><style>.tatsu-row > .tatsu-gx87pxlpbeetaj8n.tatsu-column{width: 100%;}.tatsu-gx87pxlpbeetaj8n.tatsu-column > .tatsu-column-inner > .tatsu-column-overlay{mix-blend-mode: normal;}.tatsu-gx87pxlpbeetaj8n > .tatsu-column-inner > .tatsu-top-divider{z-index: 9999;}.tatsu-gx87pxlpbeetaj8n > .tatsu-column-inner > .tatsu-bottom-divider{z-index: 9999;}.tatsu-gx87pxlpbeetaj8n > .tatsu-column-inner > .tatsu-left-divider{z-index: 9999;}.tatsu-gx87pxlpbeetaj8n > .tatsu-column-inner > .tatsu-right-divider{z-index: 9999;}<\/style><\/div><\/div><\/div><\/div><div class=\"tatsu-section-background-wrap\"><div class = \"tatsu-section-background\" ><\/div><\/div><div class=\"tatsu-overlay tatsu-section-overlay\"><\/div><style>.tatsu-gx87pxlp1cabjyuq .tatsu-section-pad{padding: 10px 0px 10px 0px;}.tatsu-gx87pxlp1cabjyuq > .tatsu-bottom-divider{z-index: 9999;}.tatsu-gx87pxlp1cabjyuq > .tatsu-top-divider{z-index: 9999;}.tatsu-gx87pxlp1cabjyuq .tatsu-section-overlay{mix-blend-mode: normal;}<\/style><\/div><div  class=\"tatsu-BJoE55E9K tatsu-section  tatsu-bg-overlay   tatsu-clearfix\" data-title=\"\"  data-headerscheme=\"background--dark\"><div class='tatsu-section-pad clearfix' data-padding='{\"d\":\"20px 0px 20px 0px\"}' data-padding-top='20px'><div class=\"tatsu-row-wrap  tatsu-wrap tatsu-row-one-col tatsu-row-has-one-cols tatsu-medium-gutter tatsu-reg-cols  tatsu-clearfix tatsu-rJesVc9EqF\" ><div  class=\"tatsu-row \" ><div  class=\"tatsu-column  tatsu-bg-overlay tatsu-one-col tatsu-column-image-none tatsu-column-effect-none  tatsu-H1ZoVqqN9Y\"  data-parallax-speed=\"0\" style=\"\"><div class=\"tatsu-column-inner \" ><div class=\"tatsu-column-pad-wrap\"><div class=\"tatsu-column-pad\" ><div  class=\"tatsu-single-image tatsu-module align-center tatsu-image-lazyload tatsu-BJD7X1H9K  \" ><div class=\"tatsu-single-image-inner \" style=\"width : 5000px;\" ><div class = \"tatsu-single-image-padding-wrap\" style = \"padding-bottom : 100%;\" ><\/div><img class = \"tatsu-gradient-border\" alt = \"\" title = \"area_fiscal\" data-src = \"https:\/\/anpat.org\/web\/wp-content\/uploads\/2021\/12\/area_fiscal-3.svg\" src =\"data:image\/png;base64,iVBORw0KGgoAAAANSUhEUgAAAAEAAAABCAQAAAC1HAwCAAAAC0lEQVR42mNkYAAAAAYAAjCB0C8AAAAASUVORK5CYII=\"  \/><\/div><style>.tatsu-BJD7X1H9K{margin: 0 0 0px 0;padding: 0 0 0px 0;}.tatsu-BJD7X1H9K .tatsu-single-image-inner{border-style: solid;max-width: 18%;}.tatsu-BJD7X1H9K.tatsu-single-image{transform: translate3d(0px,0px, 0);}<\/style><\/div><div  class=\"tatsu-module tatsu-text-block-wrap tatsu-r1-sc5V5Y  \"><div class=\"tatsu-text-inner tatsu-align-center  clearfix\" ><style>.tatsu-r1-sc5V5Y.tatsu-text-block-wrap .tatsu-text-inner{width: 100%;text-align: left;}.tatsu-r1-sc5V5Y.tatsu-text-block-wrap{margin: 20px 0px 30px 0px;}<\/style>\n<div class=\"wpb_text_column wpb_content_element \">\n<div class=\"wpb_wrapper\">\n<div class=\"wpb_text_column wpb_content_element \">\n<div class=\"wpb_wrapper\">\n<h5 style=\"text-align: center;\"><span style=\"color: #000000;\">\u00c9ste es el \u00e1rea de opini\u00f3n e informaci\u00f3n de la Asociaci\u00f3n.<\/span><\/h5>\n<h6 style=\"text-align: center;\"><span style=\"color: #000000;\">Entrando en nuestro blog&nbsp; podr\u00e1s encontrar noticias y comentarios breves sobre los temas relacionados con nuestra profesi\u00f3n.<\/span><\/h6>\n<h6 style=\"text-align: center;\"><span style=\"color: #000000;\">Tambi\u00e9n puedes acceder a nuestro bolet\u00edn institucional.<\/span><\/h6>\n<\/div>\n<\/div>\n<\/div>\n<\/div>\n<\/div><\/div><\/div><\/div><div class = \"tatsu-column-bg-image-wrap\"><div class = \"tatsu-column-bg-image\" ><\/div><\/div><div class=\"tatsu-overlay tatsu-column-overlay tatsu-animate-none\" ><\/div><\/div><style>.tatsu-row > .tatsu-H1ZoVqqN9Y.tatsu-column{width: 100%;}.tatsu-H1ZoVqqN9Y.tatsu-column > .tatsu-column-inner > .tatsu-column-overlay{mix-blend-mode: normal;}.tatsu-H1ZoVqqN9Y > .tatsu-column-inner > .tatsu-top-divider{z-index: 9999;}.tatsu-H1ZoVqqN9Y > .tatsu-column-inner > .tatsu-bottom-divider{z-index: 9999;}.tatsu-H1ZoVqqN9Y > .tatsu-column-inner > .tatsu-left-divider{z-index: 9999;}.tatsu-H1ZoVqqN9Y > .tatsu-column-inner > .tatsu-right-divider{z-index: 9999;}@media only screen and (max-width:1377px) {.tatsu-row > .tatsu-H1ZoVqqN9Y.tatsu-column{width: 100%;}}@media only screen and (min-width:768px) and (max-width: 1024px) {.tatsu-row > .tatsu-H1ZoVqqN9Y.tatsu-column{width: 100%;}}@media only screen and (max-width: 767px) {.tatsu-row > .tatsu-H1ZoVqqN9Y.tatsu-column{width: 100%;}}<\/style><\/div><\/div><\/div><div class=\"tatsu-row-wrap  tatsu-wrap tatsu-row-has-one-half tatsu-row-has-two-cols tatsu-medium-gutter tatsu-reg-cols  tatsu-clearfix tatsu-ryZjI04qt\" ><div  class=\"tatsu-row \" ><div  class=\"tatsu-column  tatsu-bg-overlay tatsu-one-half tatsu-column-align-middle tatsu-column-image-none tatsu-column-effect-none  tatsu-SJxbsI0VcK\"  data-parallax-speed=\"0\" style=\"\"><div class=\"tatsu-column-inner \" ><div class=\"tatsu-column-pad-wrap\"><div class=\"tatsu-column-pad\" ><div  class=\"tatsu-module tatsu-normal-button tatsu-button-wrap align-block block-center  tatsu-HyAYlRVqF   \"><a class=\"tatsu-shortcode largebtn tatsu-button left-icon rounded   bg-animation-none  \" href=\"#\" style= \"\"  aria-label=\"NOTICIAS\" data-gdpr-atts={} >NOTICIAS<\/a><style>.tatsu-HyAYlRVqF .tatsu-button{background-color: rgba(2,46,133,1);color: #ffffff ;border-width: 1px;}.tatsu-HyAYlRVqF .tatsu-button:hover{background-color: rgba(228,228,228,1);color: rgba(8,57,134,1) ;border-color: rgba(8,57,134,1); }<\/style><\/div><\/div><\/div><div class = \"tatsu-column-bg-image-wrap\"><div class = \"tatsu-column-bg-image\" ><\/div><\/div><div class=\"tatsu-overlay tatsu-column-overlay tatsu-animate-none\" ><\/div><\/div><style>.tatsu-row > .tatsu-SJxbsI0VcK.tatsu-column{width: 50.28%;}.tatsu-SJxbsI0VcK.tatsu-column > .tatsu-column-inner > .tatsu-column-overlay{mix-blend-mode: normal;}.tatsu-SJxbsI0VcK > .tatsu-column-inner > .tatsu-top-divider{z-index: 9999;}.tatsu-SJxbsI0VcK > .tatsu-column-inner > .tatsu-bottom-divider{z-index: 9999;}.tatsu-SJxbsI0VcK > .tatsu-column-inner > .tatsu-left-divider{z-index: 9999;}.tatsu-SJxbsI0VcK > .tatsu-column-inner > .tatsu-right-divider{z-index: 9999;}@media only screen and (max-width:1377px) {.tatsu-row > .tatsu-SJxbsI0VcK.tatsu-column{width: 50%;}}@media only screen and (min-width:768px) and (max-width: 1024px) {.tatsu-row > .tatsu-SJxbsI0VcK.tatsu-column{width: 50%;}}@media only screen and (max-width: 767px) {.tatsu-row > .tatsu-SJxbsI0VcK.tatsu-column{width: 100%;}}<\/style><\/div><div  class=\"tatsu-column  tatsu-bg-overlay tatsu-one-half tatsu-column-image-none tatsu-column-effect-none  tatsu-H1l3sIRN5F\"  data-parallax-speed=\"0\" style=\"\"><div class=\"tatsu-column-inner \" ><div class=\"tatsu-column-pad-wrap\"><div class=\"tatsu-column-pad\" ><div  class=\"tatsu-module tatsu-normal-button tatsu-button-wrap align-block block-center  tatsu-HJBvfCNct   \"><a class=\"tatsu-shortcode largebtn tatsu-button left-icon rounded   bg-animation-none  \" href=\"#\" style= \"\"  aria-label=\"BOLET\u00cdN INSTITUCIONAL\" data-gdpr-atts={} >BOLET\u00cdN INSTITUCIONAL<\/a><style>.tatsu-HJBvfCNct .tatsu-button{background-color: rgba(2,46,133,1);color: #ffffff ;border-width: 1px;border-color: rgba(8,57,134,1); }.tatsu-HJBvfCNct .tatsu-button:hover{background-color: rgba(228,228,228,1);color: rgba(8,57,134,1) ;}<\/style><\/div><\/div><\/div><div class = \"tatsu-column-bg-image-wrap\"><div class = \"tatsu-column-bg-image\" ><\/div><\/div><div class=\"tatsu-overlay tatsu-column-overlay tatsu-animate-none\" ><\/div><\/div><style>.tatsu-row > .tatsu-H1l3sIRN5F.tatsu-column{width: 49.72%;}.tatsu-H1l3sIRN5F.tatsu-column > .tatsu-column-inner > .tatsu-column-overlay{mix-blend-mode: normal;}.tatsu-H1l3sIRN5F > .tatsu-column-inner > .tatsu-top-divider{z-index: 9999;}.tatsu-H1l3sIRN5F > .tatsu-column-inner > .tatsu-bottom-divider{z-index: 9999;}.tatsu-H1l3sIRN5F > .tatsu-column-inner > .tatsu-left-divider{z-index: 9999;}.tatsu-H1l3sIRN5F > .tatsu-column-inner > .tatsu-right-divider{z-index: 9999;}@media only screen and (max-width:1377px) {.tatsu-row > .tatsu-H1l3sIRN5F.tatsu-column{width: 50%;}}@media only screen and (min-width:768px) and (max-width: 1024px) {.tatsu-row > .tatsu-H1l3sIRN5F.tatsu-column{width: 50%;}}@media only screen and (max-width: 767px) {.tatsu-row > .tatsu-H1l3sIRN5F.tatsu-column{width: 100%;}}<\/style><\/div><\/div><\/div><\/div><div class=\"tatsu-section-background-wrap\"><div class = \"tatsu-section-background\" ><\/div><\/div><div class=\"tatsu-overlay tatsu-section-overlay\"><\/div><style>.tatsu-BJoE55E9K .tatsu-section-pad{padding: 20px 0px 20px 0px;}.tatsu-BJoE55E9K > .tatsu-bottom-divider{z-index: 9999;}.tatsu-BJoE55E9K > .tatsu-top-divider{z-index: 9999;}.tatsu-BJoE55E9K .tatsu-section-overlay{mix-blend-mode: normal;}<\/style><\/div><div  class=\"tatsu-HJRSXAV9t tatsu-section  tatsu-bg-overlay   tatsu-clearfix\" data-title=\"\"  data-headerscheme=\"background--dark\"><div class='tatsu-section-pad clearfix' data-padding='{\"d\":\"0px 0px 0px 0px\"}' data-padding-top='0px'><div class=\"tatsu-row-wrap  tatsu-wrap tatsu-row-one-col tatsu-row-has-one-cols tatsu-medium-gutter tatsu-reg-cols  tatsu-clearfix tatsu-rJxCHXAV9K\" ><div  class=\"tatsu-row \" ><div  class=\"tatsu-column  tatsu-bg-overlay tatsu-one-col tatsu-column-image-none tatsu-column-effect-none  tatsu-Skb0S7C49t\"  data-parallax-speed=\"0\" style=\"\"><div class=\"tatsu-column-inner \" ><div class=\"tatsu-column-pad-wrap\"><div class=\"tatsu-column-pad\" ><div  class=\"tatsu-single-image tatsu-module tatsu-image-lazyload tatsu-external-image tatsu-B1dIXRVcY  \" ><div class=\"tatsu-single-image-inner \" style=\"\" ><div class = \"tatsu-single-image-padding-wrap\" style = \"\" ><\/div><img class = \"tatsu-gradient-border\" data-src = \"https:\/\/anpat.org\/web\/wp-content\/uploads\/2021\/12\/area.jpg\" alt =\" \"  src =\"data:image\/png;base64,iVBORw0KGgoAAAANSUhEUgAAAAEAAAABCAQAAAC1HAwCAAAAC0lEQVR42mNkYAAAAAYAAjCB0C8AAAAASUVORK5CYII=\"  \/><\/div><style>.tatsu-B1dIXRVcY .tatsu-single-image-inner{border-style: solid;max-width: 100%;}.tatsu-B1dIXRVcY.tatsu-single-image{transform: translate3d(0px,0px, 0);}<\/style><\/div><\/div><\/div><div class = \"tatsu-column-bg-image-wrap\"><div class = \"tatsu-column-bg-image\" ><\/div><\/div><div class=\"tatsu-overlay tatsu-column-overlay tatsu-animate-none\" ><\/div><\/div><style>.tatsu-row > .tatsu-Skb0S7C49t.tatsu-column{width: 100%;}.tatsu-Skb0S7C49t.tatsu-column > .tatsu-column-inner > .tatsu-column-overlay{mix-blend-mode: normal;}.tatsu-Skb0S7C49t > .tatsu-column-inner > .tatsu-top-divider{z-index: 9999;}.tatsu-Skb0S7C49t > .tatsu-column-inner > .tatsu-bottom-divider{z-index: 9999;}.tatsu-Skb0S7C49t > .tatsu-column-inner > .tatsu-left-divider{z-index: 9999;}.tatsu-Skb0S7C49t > .tatsu-column-inner > .tatsu-right-divider{z-index: 9999;}@media only screen and (max-width:1377px) {.tatsu-row > .tatsu-Skb0S7C49t.tatsu-column{width: 100%;}}@media only screen and (min-width:768px) and (max-width: 1024px) {.tatsu-row > .tatsu-Skb0S7C49t.tatsu-column{width: 100%;}}@media only screen and (max-width: 767px) {.tatsu-row > .tatsu-Skb0S7C49t.tatsu-column{width: 100%;}}<\/style><\/div><\/div><\/div><\/div><div class=\"tatsu-section-background-wrap\"><div class = \"tatsu-section-background\" ><\/div><\/div><div class=\"tatsu-overlay tatsu-section-overlay\"><\/div><style>.tatsu-HJRSXAV9t > .tatsu-bottom-divider{z-index: 9999;}.tatsu-HJRSXAV9t > .tatsu-top-divider{z-index: 9999;}.tatsu-HJRSXAV9t .tatsu-section-overlay{mix-blend-mode: normal;}<\/style><\/div>\n","protected":false},"excerpt":{"rendered":"<p><a href=\"https:\/\/anpat.org\/web\/area-fiscal-2\/\" class=\"more-link style3-button\">Read More<\/a><\/p>","protected":false},"author":2,"featured_media":0,"parent":0,"menu_order":0,"comment_status":"closed","ping_status":"closed","template":"","meta":{"inline_featured_image":false,"footnotes":""},"class_list":["post-3377","page","type-page","status-publish","hentry"],"_links":{"self":[{"href":"https:\/\/anpat.org\/web\/wp-json\/wp\/v2\/pages\/3377","targetHints":{"allow":["GET"]}}],"collection":[{"href":"https:\/\/anpat.org\/web\/wp-json\/wp\/v2\/pages"}],"about":[{"href":"https:\/\/anpat.org\/web\/wp-json\/wp\/v2\/types\/page"}],"author":[{"embeddable":true,"href":"https:\/\/anpat.org\/web\/wp-json\/wp\/v2\/users\/2"}],"replies":[{"embeddable":true,"href":"https:\/\/anpat.org\/web\/wp-json\/wp\/v2\/comments?post=3377"}],"version-history":[{"count":25,"href":"https:\/\/anpat.org\/web\/wp-json\/wp\/v2\/pages\/3377\/revisions"}],"predecessor-version":[{"id":3583,"href":"https:\/\/anpat.org\/web\/wp-json\/wp\/v2\/pages\/3377\/revisions\/3583"}],"wp:attachment":[{"href":"https:\/\/anpat.org\/web\/wp-json\/wp\/v2\/media?parent=3377"}],"curies":[{"name":"wp","href":"https:\/\/api.w.org\/{rel}","templated":true}]}}