{"id":3525,"date":"2021-12-14T00:45:52","date_gmt":"2021-12-14T00:45:52","guid":{"rendered":"https:\/\/anpat.org\/web\/?page_id=3525"},"modified":"2021-12-14T00:47:40","modified_gmt":"2021-12-14T00:47:40","slug":"aviso-legal","status":"publish","type":"page","link":"https:\/\/anpat.org\/web\/aviso-legal\/","title":{"rendered":"Aviso Legal"},"content":{"rendered":"<div  class=\"tatsu-gx87pxlp1cabjyuq tatsu-section  tatsu-bg-overlay   tatsu-clearfix\" data-title=\"\"  data-headerscheme=\"background--dark\"><div class='tatsu-section-pad clearfix' data-padding='{\"d\":\"10px 0px 10px 0px\"}' data-padding-top='10px'><div class=\"tatsu-row-wrap  tatsu-wrap tatsu-row-one-col tatsu-row-has-one-cols tatsu-medium-gutter tatsu-reg-cols  tatsu-clearfix tatsu-gx87pxlp5x2ueg4u\" ><div  class=\"tatsu-row \" ><div  class=\"tatsu-column  tatsu-bg-overlay tatsu-one-col tatsu-column-image-none tatsu-column-effect-none  tatsu-gx87pxlpbeetaj8n\"  data-parallax-speed=\"0\" style=\"\"><div class=\"tatsu-column-inner \" ><div class=\"tatsu-column-pad-wrap\"><div class=\"tatsu-column-pad\" ><div  class=\"tatsu-module tatsu-text-block-wrap tatsu-SJbNDkS9F  \"><div class=\"tatsu-text-inner tatsu-align-center  clearfix\" ><style>.tatsu-SJbNDkS9F.tatsu-text-block-wrap .tatsu-text-inner{width: 100%;text-align: center;color: rgba(8,57,134,1) ;}.tatsu-SJbNDkS9F.tatsu-text-block-wrap{margin: 40px 0px 0px 0px;}.tatsu-SJbNDkS9F .tatsu-text-inner *{color: rgba(8,57,134,1) ;}.tatsu-SJbNDkS9F.tatsu-text-block-wrap .tatsu-text-inner *{font-family : \"Roboto\",-apple-system,BlinkMacSystemFont,'Segoe UI',Roboto,Oxygen-Sans,Ubuntu,Cantarell,'Helvetica Neue',sans-serif;font-weight : 100;font-size : 50px;}<\/style>\n<p>AVISO LEGAL<\/p>\n<\/div><\/div><\/div><\/div><div class = \"tatsu-column-bg-image-wrap\"><div class = \"tatsu-column-bg-image\" ><\/div><\/div><div class=\"tatsu-overlay tatsu-column-overlay tatsu-animate-none\" ><\/div><\/div><style>.tatsu-row > .tatsu-gx87pxlpbeetaj8n.tatsu-column{width: 100%;}.tatsu-gx87pxlpbeetaj8n.tatsu-column > .tatsu-column-inner > .tatsu-column-overlay{mix-blend-mode: normal;}.tatsu-gx87pxlpbeetaj8n > .tatsu-column-inner > .tatsu-top-divider{z-index: 9999;}.tatsu-gx87pxlpbeetaj8n > .tatsu-column-inner > .tatsu-bottom-divider{z-index: 9999;}.tatsu-gx87pxlpbeetaj8n > .tatsu-column-inner > .tatsu-left-divider{z-index: 9999;}.tatsu-gx87pxlpbeetaj8n > .tatsu-column-inner > .tatsu-right-divider{z-index: 9999;}<\/style><\/div><\/div><\/div><\/div><div class=\"tatsu-section-background-wrap\"><div class = \"tatsu-section-background\" ><\/div><\/div><div class=\"tatsu-overlay tatsu-section-overlay\"><\/div><style>.tatsu-gx87pxlp1cabjyuq .tatsu-section-pad{padding: 10px 0px 10px 0px;}.tatsu-gx87pxlp1cabjyuq > .tatsu-bottom-divider{z-index: 9999;}.tatsu-gx87pxlp1cabjyuq > .tatsu-top-divider{z-index: 9999;}.tatsu-gx87pxlp1cabjyuq .tatsu-section-overlay{mix-blend-mode: normal;}<\/style><\/div><div  class=\"tatsu-S13dYwS5Y tatsu-section  tatsu-bg-overlay   tatsu-clearfix\" data-title=\"\"  data-headerscheme=\"background--dark\"><div class='tatsu-section-pad clearfix' data-padding='{\"d\":\"10px 0px 10px 0px\"}' data-padding-top='10px'><div class=\"tatsu-row-wrap  tatsu-wrap tatsu-row-one-col tatsu-row-has-one-cols tatsu-medium-gutter tatsu-reg-cols  tatsu-clearfix tatsu-Hklh_YDrqt\" ><div  class=\"tatsu-row \" ><div  class=\"tatsu-column  tatsu-bg-overlay tatsu-one-col tatsu-column-image-none tatsu-column-effect-none  tatsu-S1W3dYDH9K\"  data-parallax-speed=\"0\" style=\"\"><div class=\"tatsu-column-inner \" ><div class=\"tatsu-column-pad-wrap\"><div class=\"tatsu-column-pad\" ><div  class=\"tatsu-module tatsu-text-block-wrap tatsu-HJf3_tvB9t  \"><div class=\"tatsu-text-inner   clearfix\" ><style>.tatsu-HJf3_tvB9t.tatsu-text-block-wrap .tatsu-text-inner{width: 100%;text-align: left;color: rgba(0,0,0,1) ;}.tatsu-HJf3_tvB9t.tatsu-text-block-wrap{margin: 40px 0px 0px 0px;}.tatsu-HJf3_tvB9t .tatsu-text-inner *{color: rgba(0,0,0,1) ;}.tatsu-HJf3_tvB9t.tatsu-text-block-wrap .tatsu-text-inner *{font-family : \"Roboto\",-apple-system,BlinkMacSystemFont,'Segoe UI',Roboto,Oxygen-Sans,Ubuntu,Cantarell,'Helvetica Neue',sans-serif;font-weight : 300;font-size : 14px;}<\/style>\n<p><strong>Caracter\u00edsticas del portal de la Asociaci\u00f3n Nacional de Profesionales del Asesoramiento Tributario<\/strong><\/p>\n<p>Asociaci\u00f3n Nacional de Profesionales del Asesoramiento Tributario, es una asociaci\u00f3n constituida de acuerdo con la legislaci\u00f3n espa\u00f1ola e inscrita en el Registro Nacional de Asociaciones del Ministerio del Interior (en adelante, ANPAT).<\/p>\n<p>ANPAT a trav\u00e9s de su Portal en Internet -www.anpat.org- permite el fomento de su objeto asociativo ayudando a sus miembros y a las empresas que desarrollan o pretendan desarrollar su actividad profesional en el campo del asesoramiento tributario, financiero, jur\u00eddico y de gesti\u00f3n empresarial, mediante el intercambio de informaci\u00f3n relativa a datos de bases p\u00fablicas, o de bases privadas mediante autorizaci\u00f3n previa, todo ello en promoci\u00f3n y defensa de los intereses profesionales leg\u00edtimos de sus asociados, fomentando cuantas actividades puedan servir para promocionar y difundir los principios y esencia de cualquier rama del Derecho.<\/p>\n<p>Adem\u00e1s, el Portal de ANPAT presta servicios complementarios para satisfacer las necesidades del sector, servicios anunciados en las p\u00e1ginas web del Portal.<\/p>\n<p><strong>En cumplimiento del art\u00edculo 10 de la Ley 34\/2002 de Servicios de la Sociedad de la Informaci\u00f3n y el Comercio Electr\u00f3nico, se indican a continuaci\u00f3n los datos necesarios:<\/strong><\/p>\n<ul>\n<li>Nombre de dominio: WWW.ANPAT.ORG<\/li>\n<li>Titular de la p\u00e1gina web: Asociaci\u00f3n Nacional de Profesionales del Asesoramiento Tributario.<\/li>\n<li>N\u00famero de identificaci\u00f3n fiscal: G86679636<\/li>\n<li>Direcci\u00f3n postal completa: Ronda de Segovia, 29 \u2013 Local 3 \u2013 28005 \u2013 Madrid<\/li>\n<li>Contacto: Tel.: 686 679 636 \/ e-mail: info@anpat.org<\/li>\n<\/ul>\n<p>Datos Registrales de la inscripci\u00f3n en el Registro Nacional de Asociaciones, Grupo 1\u00ba, Secci\u00f3n 1\u00aa, N\u00famero Nacional 602470.<\/p>\n<\/div><\/div><\/div><\/div><div class = \"tatsu-column-bg-image-wrap\"><div class = \"tatsu-column-bg-image\" ><\/div><\/div><div class=\"tatsu-overlay tatsu-column-overlay tatsu-animate-none\" ><\/div><\/div><style>.tatsu-row > .tatsu-S1W3dYDH9K.tatsu-column{width: 100%;}.tatsu-S1W3dYDH9K.tatsu-column > .tatsu-column-inner > .tatsu-column-overlay{mix-blend-mode: normal;}.tatsu-S1W3dYDH9K > .tatsu-column-inner > .tatsu-top-divider{z-index: 9999;}.tatsu-S1W3dYDH9K > .tatsu-column-inner > .tatsu-bottom-divider{z-index: 9999;}.tatsu-S1W3dYDH9K > .tatsu-column-inner > .tatsu-left-divider{z-index: 9999;}.tatsu-S1W3dYDH9K > .tatsu-column-inner > .tatsu-right-divider{z-index: 9999;}<\/style><\/div><\/div><\/div><\/div><div class=\"tatsu-section-background-wrap\"><div class = \"tatsu-section-background\" ><\/div><\/div><div class=\"tatsu-overlay tatsu-section-overlay\"><\/div><style>.tatsu-S13dYwS5Y .tatsu-section-pad{padding: 10px 0px 10px 0px;}.tatsu-S13dYwS5Y > .tatsu-bottom-divider{z-index: 9999;}.tatsu-S13dYwS5Y > .tatsu-top-divider{z-index: 9999;}.tatsu-S13dYwS5Y .tatsu-section-overlay{mix-blend-mode: normal;}<\/style><\/div>\n","protected":false},"excerpt":{"rendered":"<p><a href=\"https:\/\/anpat.org\/web\/aviso-legal\/\" class=\"more-link style3-button\">Read More<\/a><\/p>","protected":false},"author":2,"featured_media":0,"parent":0,"menu_order":0,"comment_status":"closed","ping_status":"open","template":"","meta":{"inline_featured_image":false,"footnotes":""},"class_list":["post-3525","page","type-page","status-publish","hentry"],"_links":{"self":[{"href":"https:\/\/anpat.org\/web\/wp-json\/wp\/v2\/pages\/3525","targetHints":{"allow":["GET"]}}],"collection":[{"href":"https:\/\/anpat.org\/web\/wp-json\/wp\/v2\/pages"}],"about":[{"href":"https:\/\/anpat.org\/web\/wp-json\/wp\/v2\/types\/page"}],"author":[{"embeddable":true,"href":"https:\/\/anpat.org\/web\/wp-json\/wp\/v2\/users\/2"}],"replies":[{"embeddable":true,"href":"https:\/\/anpat.org\/web\/wp-json\/wp\/v2\/comments?post=3525"}],"version-history":[{"count":3,"href":"https:\/\/anpat.org\/web\/wp-json\/wp\/v2\/pages\/3525\/revisions"}],"predecessor-version":[{"id":3528,"href":"https:\/\/anpat.org\/web\/wp-json\/wp\/v2\/pages\/3525\/revisions\/3528"}],"wp:attachment":[{"href":"https:\/\/anpat.org\/web\/wp-json\/wp\/v2\/media?parent=3525"}],"curies":[{"name":"wp","href":"https:\/\/api.w.org\/{rel}","templated":true}]}}